{"id":339,"date":"2022-12-06T10:00:46","date_gmt":"2022-12-06T10:00:46","guid":{"rendered":"https:\/\/test.oshkursai.lt\/?page_id=339"},"modified":"2023-02-21T09:02:52","modified_gmt":"2023-02-21T09:02:52","slug":"osh-pass-copy","status":"publish","type":"page","link":"https:\/\/test.oshkursai.lt\/?page_id=339","title":{"rendered":"HOT WORK pass"},"content":{"rendered":"\n<h1>\n\t\tHOT WORK  pass \n\t<\/h1>\n\t\t\t\t<img decoding=\"async\" loading=\"lazy\" src=\"https:\/\/test.oshkursai.lt\/wp-content\/uploads\/2022\/12\/2-mockup.png\" alt=\"2 mockup\" itemprop=\"image\" height=\"1000\" width=\"1000\" title=\"2 mockup\" onerror=\"this.style.display='none'\"  \/>\n<h2>\n\t\tHOT WORK pass\n\t<\/h2>\n\t\u25cf Saugiu ugnies darb\u0173 atlikimu,<br \/>\n\u25cf pareigomis ir atsakomyb\u0117mis,<br \/>\n\u25cf pavoj\u0173 indentifikavimu atliekant ugnies darbus,<br \/>\n\u25cfgaisrin\u0117s saugos priemoni\u0173 parengimo ir naudojimo tvarka,<br \/>\n\u25cf privalomais veiksmais avarijos metu.\n\t<strong>HOT WORK pass<\/strong> suteikia galimyb\u0119 dirbti potencialiai sveikatai pavojingo pob\u016bd\u017eio darbus, tokiose srityse kaip: statyba, gamyba, darbas sandeliuose, naftos, duj\u0173 bei chemin\u0117s pramon\u0117s sektoriai ir t.t. Norint \u012fsidarbinti Olandijoje, Vokietijoje, Austrijoje, \u0160veicarijoje, \u0160vedijoje, Suomijoje, Norvegijoje, Belgijoje ir kitose ES \u0161alyse tokie mokymai paprastai yra privalomi.\n<p>I\u0161laikius egzamin\u0105, i\u0161duodami diplomas ir kortel\u0117, patvirtinantys kompetencij\u0105 vykdyti darbus.\u00a0 \u017dinias atnaujinti reikia kas 5 metus.<\/p>\n\t\t\t\t<img decoding=\"async\" loading=\"lazy\" src=\"https:\/\/test.oshkursai.lt\/wp-content\/uploads\/2022\/12\/2-mockup.png\" alt=\"2 mockup\" itemprop=\"image\" height=\"1000\" width=\"1000\" title=\"2 mockup\" onerror=\"this.style.display='none'\"  \/>\n\n","protected":false},"excerpt":{"rendered":"<p>HOT WORK pass HOT WORK pass \u25cf Saugiu ugnies darb\u0173 atlikimu, \u25cf pareigomis ir atsakomyb\u0117mis, \u25cf pavoj\u0173 indentifikavimu atliekant ugnies darbus, \u25cfgaisrin\u0117s saugos priemoni\u0173 parengimo ir naudojimo tvarka, \u25cf privalomais veiksmais avarijos metu. HOT WORK pass suteikia galimyb\u0119 dirbti potencialiai sveikatai pavojingo pob\u016bd\u017eio darbus, tokiose srityse kaip: statyba, gamyba, darbas sandeliuose, naftos, duj\u0173 bei chemin\u0117s&hellip;&nbsp;<a href=\"https:\/\/test.oshkursai.lt\/?page_id=339\" class=\"\" rel=\"bookmark\">Read More &raquo;<span class=\"screen-reader-text\">HOT WORK pass<\/span><\/a><\/p>\n","protected":false},"author":2,"featured_media":0,"parent":0,"menu_order":0,"comment_status":"closed","ping_status":"closed","template":"page-templates\/template-pagebuilder-full-width.php","meta":{"neve_meta_sidebar":"","neve_meta_container":"","neve_meta_enable_content_width":"","neve_meta_content_width":0,"neve_meta_title_alignment":"","neve_meta_author_avatar":"","neve_post_elements_order":"","neve_meta_disable_header":"","neve_meta_disable_footer":"","neve_meta_disable_title":"","_ti_tpc_template_sync":false,"_ti_tpc_template_id":""},"yoast_head":"<!-- This site is optimized with the Yoast SEO plugin v20.2.1 - https:\/\/yoast.com\/wordpress\/plugins\/seo\/ -->\n<title>HOT WORK pass -<\/title>\n<meta name=\"robots\" content=\"noindex, follow, max-snippet:-1, max-image-preview:large, max-video-preview:-1\" \/>\n<meta property=\"og:locale\" content=\"en_US\" \/>\n<meta property=\"og:type\" content=\"article\" \/>\n<meta property=\"og:title\" content=\"HOT WORK pass -\" \/>\n<meta property=\"og:description\" content=\"HOT WORK pass HOT WORK pass \u25cf Saugiu ugnies darb\u0173 atlikimu, \u25cf pareigomis ir atsakomyb\u0117mis, \u25cf pavoj\u0173 indentifikavimu atliekant ugnies darbus, \u25cfgaisrin\u0117s saugos priemoni\u0173 parengimo ir naudojimo tvarka, \u25cf privalomais veiksmais avarijos metu. HOT WORK pass suteikia galimyb\u0119 dirbti potencialiai sveikatai pavojingo pob\u016bd\u017eio darbus, tokiose srityse kaip: statyba, gamyba, darbas sandeliuose, naftos, duj\u0173 bei chemin\u0117s&hellip;&nbsp;Read More &raquo;HOT WORK pass\" \/>\n<meta property=\"og:url\" content=\"https:\/\/test.oshkursai.lt\/?page_id=339\" \/>\n<meta property=\"article:modified_time\" content=\"2023-02-21T09:02:52+00:00\" \/>\n<meta property=\"og:image\" content=\"https:\/\/test.oshkursai.lt\/wp-content\/uploads\/2022\/12\/2-mockup.png\" \/>\n<meta name=\"twitter:card\" content=\"summary_large_image\" \/>\n<meta name=\"twitter:label1\" content=\"Est. reading time\" \/>\n\t<meta name=\"twitter:data1\" content=\"2 minutes\" \/>\n<script type=\"application\/ld+json\" class=\"yoast-schema-graph\">{\"@context\":\"https:\/\/schema.org\",\"@graph\":[{\"@type\":\"WebPage\",\"@id\":\"https:\/\/test.oshkursai.lt\/?page_id=339\",\"url\":\"https:\/\/test.oshkursai.lt\/?page_id=339\",\"name\":\"HOT WORK pass -\",\"isPartOf\":{\"@id\":\"https:\/\/test.oshkursai.lt\/#website\"},\"datePublished\":\"2022-12-06T10:00:46+00:00\",\"dateModified\":\"2023-02-21T09:02:52+00:00\",\"breadcrumb\":{\"@id\":\"https:\/\/test.oshkursai.lt\/?page_id=339#breadcrumb\"},\"inLanguage\":\"en-US\",\"potentialAction\":[{\"@type\":\"ReadAction\",\"target\":[\"https:\/\/test.oshkursai.lt\/?page_id=339\"]}]},{\"@type\":\"BreadcrumbList\",\"@id\":\"https:\/\/test.oshkursai.lt\/?page_id=339#breadcrumb\",\"itemListElement\":[{\"@type\":\"ListItem\",\"position\":1,\"name\":\"Home\",\"item\":\"https:\/\/test.oshkursai.lt\/\"},{\"@type\":\"ListItem\",\"position\":2,\"name\":\"HOT WORK pass\"}]},{\"@type\":\"WebSite\",\"@id\":\"https:\/\/test.oshkursai.lt\/#website\",\"url\":\"https:\/\/test.oshkursai.lt\/\",\"name\":\"\",\"description\":\"\",\"potentialAction\":[{\"@type\":\"SearchAction\",\"target\":{\"@type\":\"EntryPoint\",\"urlTemplate\":\"https:\/\/test.oshkursai.lt\/?s={search_term_string}\"},\"query-input\":\"required name=search_term_string\"}],\"inLanguage\":\"en-US\"}]}<\/script>\n<!-- \/ Yoast SEO plugin. -->","yoast_head_json":{"title":"HOT WORK pass -","robots":{"index":"noindex","follow":"follow","max-snippet":"max-snippet:-1","max-image-preview":"max-image-preview:large","max-video-preview":"max-video-preview:-1"},"og_locale":"en_US","og_type":"article","og_title":"HOT WORK pass -","og_description":"HOT WORK pass HOT WORK pass \u25cf Saugiu ugnies darb\u0173 atlikimu, \u25cf pareigomis ir atsakomyb\u0117mis, \u25cf pavoj\u0173 indentifikavimu atliekant ugnies darbus, \u25cfgaisrin\u0117s saugos priemoni\u0173 parengimo ir naudojimo tvarka, \u25cf privalomais veiksmais avarijos metu. HOT WORK pass suteikia galimyb\u0119 dirbti potencialiai sveikatai pavojingo pob\u016bd\u017eio darbus, tokiose srityse kaip: statyba, gamyba, darbas sandeliuose, naftos, duj\u0173 bei chemin\u0117s&hellip;&nbsp;Read More &raquo;HOT WORK pass","og_url":"https:\/\/test.oshkursai.lt\/?page_id=339","article_modified_time":"2023-02-21T09:02:52+00:00","og_image":[{"url":"https:\/\/test.oshkursai.lt\/wp-content\/uploads\/2022\/12\/2-mockup.png"}],"twitter_card":"summary_large_image","twitter_misc":{"Est. reading time":"2 minutes"},"schema":{"@context":"https:\/\/schema.org","@graph":[{"@type":"WebPage","@id":"https:\/\/test.oshkursai.lt\/?page_id=339","url":"https:\/\/test.oshkursai.lt\/?page_id=339","name":"HOT WORK pass -","isPartOf":{"@id":"https:\/\/test.oshkursai.lt\/#website"},"datePublished":"2022-12-06T10:00:46+00:00","dateModified":"2023-02-21T09:02:52+00:00","breadcrumb":{"@id":"https:\/\/test.oshkursai.lt\/?page_id=339#breadcrumb"},"inLanguage":"en-US","potentialAction":[{"@type":"ReadAction","target":["https:\/\/test.oshkursai.lt\/?page_id=339"]}]},{"@type":"BreadcrumbList","@id":"https:\/\/test.oshkursai.lt\/?page_id=339#breadcrumb","itemListElement":[{"@type":"ListItem","position":1,"name":"Home","item":"https:\/\/test.oshkursai.lt\/"},{"@type":"ListItem","position":2,"name":"HOT WORK pass"}]},{"@type":"WebSite","@id":"https:\/\/test.oshkursai.lt\/#website","url":"https:\/\/test.oshkursai.lt\/","name":"","description":"","potentialAction":[{"@type":"SearchAction","target":{"@type":"EntryPoint","urlTemplate":"https:\/\/test.oshkursai.lt\/?s={search_term_string}"},"query-input":"required name=search_term_string"}],"inLanguage":"en-US"}]}},"_links":{"self":[{"href":"https:\/\/test.oshkursai.lt\/index.php?rest_route=\/wp\/v2\/pages\/339"}],"collection":[{"href":"https:\/\/test.oshkursai.lt\/index.php?rest_route=\/wp\/v2\/pages"}],"about":[{"href":"https:\/\/test.oshkursai.lt\/index.php?rest_route=\/wp\/v2\/types\/page"}],"author":[{"embeddable":true,"href":"https:\/\/test.oshkursai.lt\/index.php?rest_route=\/wp\/v2\/users\/2"}],"replies":[{"embeddable":true,"href":"https:\/\/test.oshkursai.lt\/index.php?rest_route=%2Fwp%2Fv2%2Fcomments&post=339"}],"version-history":[{"count":6,"href":"https:\/\/test.oshkursai.lt\/index.php?rest_route=\/wp\/v2\/pages\/339\/revisions"}],"predecessor-version":[{"id":398,"href":"https:\/\/test.oshkursai.lt\/index.php?rest_route=\/wp\/v2\/pages\/339\/revisions\/398"}],"wp:attachment":[{"href":"https:\/\/test.oshkursai.lt\/index.php?rest_route=%2Fwp%2Fv2%2Fmedia&parent=339"}],"curies":[{"name":"wp","href":"https:\/\/api.w.org\/{rel}","templated":true}]}}