{"id":313,"date":"2022-11-28T12:33:56","date_gmt":"2022-11-28T12:33:56","guid":{"rendered":"https:\/\/test.oshkursai.lt\/?page_id=313"},"modified":"2022-11-28T12:39:21","modified_gmt":"2022-11-28T12:39:21","slug":"apie-mus","status":"publish","type":"page","link":"https:\/\/test.oshkursai.lt\/?page_id=313","title":{"rendered":"Apie mus"},"content":{"rendered":"\n\n\t\t\t\t<img decoding=\"async\" loading=\"lazy\" src=\"https:\/\/test.oshkursai.lt\/wp-content\/uploads\/2022\/11\/SDG-logo-trumpas-be-fono.png\" alt=\"SDG-logo-trumpas-be-fono\" itemprop=\"image\" height=\"154\" width=\"480\" title=\"SDG-logo-trumpas-be-fono\" onerror=\"this.style.display='none'\"  \/>\n<h2>\n\t\tApie mus\n\t<\/h2>\n\tSDG&#8221; (Saugaus darbo garantas) &#8211; 2002 m. \u012fkurta konsultacij\u0173 ir mokym\u0173 kompanija, rinkos lyder\u0117 Lietuvoje, gars\u0117janti profesionalumu ir socialiai atsakinga veikla.\n Nuo 2011 m. bendrov\u0117 i\u0161augo \u012f grup\u0119 \u012fmoni\u0173. \u0160iuo metu j\u0105 sudaro U\u017edaroji akcin\u0117 bendrov\u0117 \u201eSDG&#8221; (konsultacijos ir mokymai), UAB \u201eSDG kodas&#8221; (prekyba darbo drabu\u017eiais ir asmenin\u0117mis apsaugos priemon\u0117mis), UAB \u201eSDG grup\u0117&#8221; (grup\u0117s \u012fmoni\u0173 valdymas), V\u0161\u012e \u201eSaugi prad\u017eia&#8221; (socialiniai projektai, parama). \u201eSDG&#8221; \u00a0bendradarbiauja su konsultacin\u0117mis \u012fmon\u0117mis Estijoje ir Latvijoje &#8211; O\u00dc \u201eOhutu T\u00f6\u00f6 Garant&#8221; bei SIA \u201eDro\u0161a darba garants&#8221;.\n\t\t\t\t<img decoding=\"async\" loading=\"lazy\" src=\"https:\/\/test.oshkursai.lt\/wp-content\/uploads\/2022\/11\/3199963028.png\" alt=\"3199963028\" itemprop=\"image\" height=\"768\" width=\"800\" title=\"3199963028\" onerror=\"this.style.display='none'\"  \/>\n\t<h5>Pirmieji su\u017einokite apie SDG forumas organizuojamus renginius!<\/h5>\n<p><a href=\"http:\/\/sdgforumas.lt\">Daugiau<\/a><\/p>\n\t\t\t\t<img decoding=\"async\" loading=\"lazy\" src=\"https:\/\/test.oshkursai.lt\/wp-content\/uploads\/2022\/11\/bitynas-1.png\" alt=\"bitynas\" itemprop=\"image\" height=\"587\" width=\"519\" title=\"bitynas\" onerror=\"this.style.display='none'\"  \/>\n\t<p><strong>Kursai skirti pradedantiems bitininkams<\/strong>, norintiems tur\u0117ti malon\u0173 u\u017esi\u0117mim\u0105, kuris galimai i\u0161augt\u0173 \u012f versl\u0105.<\/p>\n<p><a href=\"https:\/\/bitynas.sdg.lt\/\">Daugiau<\/a><\/p>\n\t\t\t\t<img decoding=\"async\" loading=\"lazy\" src=\"https:\/\/test.oshkursai.lt\/wp-content\/uploads\/2022\/11\/esauga.png\" alt=\"esauga\" itemprop=\"image\" height=\"387\" width=\"442\" title=\"esauga\" onerror=\"this.style.display='none'\"  \/>\n\t<p><strong>ESAUGA &#8211; <\/strong>programa skirta dokument\u0173 ir informacijos per\u017ei\u016brai, valdymui, saugojimui ir patogiai prieigai.<\/p>\n<p><a href=\"https:\/\/www.esauga.com\/\">Daugiau<\/a><\/p>\n\n","protected":false},"excerpt":{"rendered":"<p>Apie mus SDG&#8221; (Saugaus darbo garantas) &#8211; 2002 m. \u012fkurta konsultacij\u0173 ir mokym\u0173 kompanija, rinkos lyder\u0117 Lietuvoje, gars\u0117janti profesionalumu ir socialiai atsakinga veikla. Nuo 2011 m. bendrov\u0117 i\u0161augo \u012f grup\u0119 \u012fmoni\u0173. \u0160iuo metu j\u0105 sudaro U\u017edaroji akcin\u0117 bendrov\u0117 \u201eSDG&#8221; (konsultacijos ir mokymai), UAB \u201eSDG kodas&#8221; (prekyba darbo drabu\u017eiais ir asmenin\u0117mis apsaugos priemon\u0117mis), UAB \u201eSDG grup\u0117&#8221;&hellip;&nbsp;<a href=\"https:\/\/test.oshkursai.lt\/?page_id=313\" class=\"\" rel=\"bookmark\">Read More &raquo;<span class=\"screen-reader-text\">Apie mus<\/span><\/a><\/p>\n","protected":false},"author":2,"featured_media":0,"parent":0,"menu_order":0,"comment_status":"closed","ping_status":"closed","template":"","meta":{"neve_meta_sidebar":"","neve_meta_container":"","neve_meta_enable_content_width":"","neve_meta_content_width":0,"neve_meta_title_alignment":"","neve_meta_author_avatar":"","neve_post_elements_order":"","neve_meta_disable_header":"","neve_meta_disable_footer":"","neve_meta_disable_title":"","_ti_tpc_template_sync":false,"_ti_tpc_template_id":""},"yoast_head":"<!-- This site is optimized with the Yoast SEO plugin v20.2.1 - https:\/\/yoast.com\/wordpress\/plugins\/seo\/ -->\n<title>Apie mus -<\/title>\n<meta name=\"robots\" content=\"noindex, follow, max-snippet:-1, max-image-preview:large, max-video-preview:-1\" \/>\n<meta property=\"og:locale\" content=\"en_US\" \/>\n<meta property=\"og:type\" content=\"article\" \/>\n<meta property=\"og:title\" content=\"Apie mus -\" \/>\n<meta property=\"og:description\" content=\"Apie mus SDG&#8221; (Saugaus darbo garantas) &#8211; 2002 m. \u012fkurta konsultacij\u0173 ir mokym\u0173 kompanija, rinkos lyder\u0117 Lietuvoje, gars\u0117janti profesionalumu ir socialiai atsakinga veikla. Nuo 2011 m. bendrov\u0117 i\u0161augo \u012f grup\u0119 \u012fmoni\u0173. \u0160iuo metu j\u0105 sudaro U\u017edaroji akcin\u0117 bendrov\u0117 \u201eSDG&#8221; (konsultacijos ir mokymai), UAB \u201eSDG kodas&#8221; (prekyba darbo drabu\u017eiais ir asmenin\u0117mis apsaugos priemon\u0117mis), UAB \u201eSDG grup\u0117&#8221;&hellip;&nbsp;Read More &raquo;Apie mus\" \/>\n<meta property=\"og:url\" content=\"https:\/\/test.oshkursai.lt\/?page_id=313\" \/>\n<meta property=\"article:modified_time\" content=\"2022-11-28T12:39:21+00:00\" \/>\n<meta property=\"og:image\" content=\"https:\/\/test.oshkursai.lt\/wp-content\/uploads\/2022\/11\/SDG-logo-trumpas-be-fono.png\" \/>\n<meta name=\"twitter:card\" content=\"summary_large_image\" \/>\n<script type=\"application\/ld+json\" class=\"yoast-schema-graph\">{\"@context\":\"https:\/\/schema.org\",\"@graph\":[{\"@type\":\"WebPage\",\"@id\":\"https:\/\/test.oshkursai.lt\/?page_id=313\",\"url\":\"https:\/\/test.oshkursai.lt\/?page_id=313\",\"name\":\"Apie mus -\",\"isPartOf\":{\"@id\":\"https:\/\/test.oshkursai.lt\/#website\"},\"datePublished\":\"2022-11-28T12:33:56+00:00\",\"dateModified\":\"2022-11-28T12:39:21+00:00\",\"breadcrumb\":{\"@id\":\"https:\/\/test.oshkursai.lt\/?page_id=313#breadcrumb\"},\"inLanguage\":\"en-US\",\"potentialAction\":[{\"@type\":\"ReadAction\",\"target\":[\"https:\/\/test.oshkursai.lt\/?page_id=313\"]}]},{\"@type\":\"BreadcrumbList\",\"@id\":\"https:\/\/test.oshkursai.lt\/?page_id=313#breadcrumb\",\"itemListElement\":[{\"@type\":\"ListItem\",\"position\":1,\"name\":\"Home\",\"item\":\"https:\/\/test.oshkursai.lt\/\"},{\"@type\":\"ListItem\",\"position\":2,\"name\":\"Apie mus\"}]},{\"@type\":\"WebSite\",\"@id\":\"https:\/\/test.oshkursai.lt\/#website\",\"url\":\"https:\/\/test.oshkursai.lt\/\",\"name\":\"\",\"description\":\"\",\"potentialAction\":[{\"@type\":\"SearchAction\",\"target\":{\"@type\":\"EntryPoint\",\"urlTemplate\":\"https:\/\/test.oshkursai.lt\/?s={search_term_string}\"},\"query-input\":\"required name=search_term_string\"}],\"inLanguage\":\"en-US\"}]}<\/script>\n<!-- \/ Yoast SEO plugin. -->","yoast_head_json":{"title":"Apie mus -","robots":{"index":"noindex","follow":"follow","max-snippet":"max-snippet:-1","max-image-preview":"max-image-preview:large","max-video-preview":"max-video-preview:-1"},"og_locale":"en_US","og_type":"article","og_title":"Apie mus -","og_description":"Apie mus SDG&#8221; (Saugaus darbo garantas) &#8211; 2002 m. \u012fkurta konsultacij\u0173 ir mokym\u0173 kompanija, rinkos lyder\u0117 Lietuvoje, gars\u0117janti profesionalumu ir socialiai atsakinga veikla. Nuo 2011 m. bendrov\u0117 i\u0161augo \u012f grup\u0119 \u012fmoni\u0173. \u0160iuo metu j\u0105 sudaro U\u017edaroji akcin\u0117 bendrov\u0117 \u201eSDG&#8221; (konsultacijos ir mokymai), UAB \u201eSDG kodas&#8221; (prekyba darbo drabu\u017eiais ir asmenin\u0117mis apsaugos priemon\u0117mis), UAB \u201eSDG grup\u0117&#8221;&hellip;&nbsp;Read More &raquo;Apie mus","og_url":"https:\/\/test.oshkursai.lt\/?page_id=313","article_modified_time":"2022-11-28T12:39:21+00:00","og_image":[{"url":"https:\/\/test.oshkursai.lt\/wp-content\/uploads\/2022\/11\/SDG-logo-trumpas-be-fono.png"}],"twitter_card":"summary_large_image","schema":{"@context":"https:\/\/schema.org","@graph":[{"@type":"WebPage","@id":"https:\/\/test.oshkursai.lt\/?page_id=313","url":"https:\/\/test.oshkursai.lt\/?page_id=313","name":"Apie mus -","isPartOf":{"@id":"https:\/\/test.oshkursai.lt\/#website"},"datePublished":"2022-11-28T12:33:56+00:00","dateModified":"2022-11-28T12:39:21+00:00","breadcrumb":{"@id":"https:\/\/test.oshkursai.lt\/?page_id=313#breadcrumb"},"inLanguage":"en-US","potentialAction":[{"@type":"ReadAction","target":["https:\/\/test.oshkursai.lt\/?page_id=313"]}]},{"@type":"BreadcrumbList","@id":"https:\/\/test.oshkursai.lt\/?page_id=313#breadcrumb","itemListElement":[{"@type":"ListItem","position":1,"name":"Home","item":"https:\/\/test.oshkursai.lt\/"},{"@type":"ListItem","position":2,"name":"Apie mus"}]},{"@type":"WebSite","@id":"https:\/\/test.oshkursai.lt\/#website","url":"https:\/\/test.oshkursai.lt\/","name":"","description":"","potentialAction":[{"@type":"SearchAction","target":{"@type":"EntryPoint","urlTemplate":"https:\/\/test.oshkursai.lt\/?s={search_term_string}"},"query-input":"required name=search_term_string"}],"inLanguage":"en-US"}]}},"_links":{"self":[{"href":"https:\/\/test.oshkursai.lt\/index.php?rest_route=\/wp\/v2\/pages\/313"}],"collection":[{"href":"https:\/\/test.oshkursai.lt\/index.php?rest_route=\/wp\/v2\/pages"}],"about":[{"href":"https:\/\/test.oshkursai.lt\/index.php?rest_route=\/wp\/v2\/types\/page"}],"author":[{"embeddable":true,"href":"https:\/\/test.oshkursai.lt\/index.php?rest_route=\/wp\/v2\/users\/2"}],"replies":[{"embeddable":true,"href":"https:\/\/test.oshkursai.lt\/index.php?rest_route=%2Fwp%2Fv2%2Fcomments&post=313"}],"version-history":[{"count":3,"href":"https:\/\/test.oshkursai.lt\/index.php?rest_route=\/wp\/v2\/pages\/313\/revisions"}],"predecessor-version":[{"id":320,"href":"https:\/\/test.oshkursai.lt\/index.php?rest_route=\/wp\/v2\/pages\/313\/revisions\/320"}],"wp:attachment":[{"href":"https:\/\/test.oshkursai.lt\/index.php?rest_route=%2Fwp%2Fv2%2Fmedia&parent=313"}],"curies":[{"name":"wp","href":"https:\/\/api.w.org\/{rel}","templated":true}]}}