{"id":3,"date":"2022-11-18T07:45:16","date_gmt":"2022-11-18T07:45:16","guid":{"rendered":"https:\/\/test.oshkursai.lt\/?page_id=3"},"modified":"2022-11-28T11:40:47","modified_gmt":"2022-11-28T11:40:47","slug":"privacy-policy","status":"publish","type":"page","link":"https:\/\/test.oshkursai.lt\/?page_id=3","title":{"rendered":"Privatumo politika"},"content":{"rendered":"\n<h2>\n\t\tPrivatumo politika\n\t<\/h2>\n\tPrivatumo politikos tikslas &#8211; informuoti kaip yra renkami ir tvarkomi duomen\u0173 subjekt\u0173 asmens duomenys, paai\u0161kinti, kiek laiko saugomi, kam teikiami, kokias teises turi duomen\u0173 subjektai bei kur kreiptis d\u0117l j\u0173 \u012fgyvendinimo ar kitais su asmens duomen\u0173 tvarkymu susijusiais klausimais.\nAsmens duomenys tvarkomi vadovaujantis Europos S\u0105jungos Bendruoju duomen\u0173 apsaugos reglamentu (ES) 2016\/679 (toliau &#8211; Reglamentas), Lietuvos Respublikos asmens duomen\u0173 teisin\u0117s apsaugos \u012fstatymu bei kitais teis\u0117s aktais, reglamentuojan\u010diais asmens duomen\u0173 apsaug\u0105.\n<p><strong>U\u017edaroji akcin\u0117 bendrov\u0117 \u201eSDG&#8221;<\/strong> vadovaujasi \u0161iais pagrindiniais duomen\u0173 tvarkymo principais:<\/p>\n<p>&#8211; asmens duomenys renkami tik ai\u0161kiai apibr\u0117\u017etais ir teis\u0117tais tikslais;<\/p>\n<p>&#8211; asmens duomenys tvarkomi tik teis\u0117tai ir s\u0105\u017einingai;<\/p>\n<p>&#8211; asmens duomenys nuolat atnaujinami;<\/p>\n<p>&#8211; asmens duomenys saugomi saugiai ir ne ilgiau nei to reikalauja nustatyti duomen\u0173 tvarkymo tikslai ar teis\u0117s aktai;<\/p>\n&#8211; asmens duomenis tvarko tik tie \u012emon\u0117s darbuotojai, kuriems suteikta tokia teis\u0117 pagal j\u0173 darbines funkcijas arba tinkamai \u012fgalioti duomen\u0173 tvarkytojai.\n<p><strong>1.S\u0104VOKOS<\/strong><\/p>\n<ul>\n<li>\n<strong>Duomen\u0173 valdytojas<\/strong> &#8211; <strong>U\u017edaroji akcin\u0117 bendrov\u0117 \u201eSDG&#8221;<\/strong> (toliau &#8211; \u012emon\u0117), juridinio asmens kodas 135899565, registracijos adresas Draugyst\u0117s g. 8E, Kaunas.\n<\/li>\n<li>\n<strong>Duomen\u0173 subjektas<\/strong> &#8211; bet kuris fizinis asmuo, kurio duomenis tvarko \u012emon\u0117. Duomen\u0173 valdytojas renka tik tuos duomen\u0173 subjekto duomenis, kurie yra reikalingi vykdant \u012emon\u0117s veikl\u0105 ir (ar) lankantis, naudojant, nar\u0161ant \u012emon\u0117s interneto svetain\u0117se, \u201eFacebook&#8221; socialinio tinklo paskyroje ir pan. (toliau &#8211; Svetain\u0117). \u012emon\u0117 u\u017etikrina, kad renkami ir apdorojami asmens duomenys bus saug\u016bs ir bus naudojami tik konkre\u010diam tikslui.\n<strong>Asmens duomenys<\/strong> &#8211; bet kuri informacija, tiesiogiai arba netiesiogiai susijusi su duomen\u0173 subjektu, kurio tapatyb\u0117 yra \u017einoma arba gali b\u016bti tiesiogiai ar netiesiogiai nustatyta pasinaudojant atitinkamais duomenimis. Asmens duomen\u0173 tvarkymas, tai bet kokia su asmens duomenimis atliekama operacija (\u012fskaitant rinkim\u0105, \u012fra\u0161ym\u0105, saugojim\u0105, redagavim\u0105, keitim\u0105, prieigos suteikim\u0105, u\u017eklaus\u0173 pateikim\u0105, perdavim\u0105, archyvavim\u0105 ir kt.).\n<\/li>\n<li>\n<strong>Sutikimas<\/strong> &#8211; bet koks laisva valia ir s\u0105moningai duotas patvirtinimas, kuriuo duomen\u0173 subjektas sutinka, kad jo asmens duomenys b\u016bt\u0173 tvarkomi konkre\u010diu tikslu.\n<\/li>\n<\/ul>\n<p><strong>\u00a02. <\/strong><strong>ASMENS DUOMEN\u0172 \u0160ALTINIAI<\/strong><\/p>\n<ul>\n<li><strong>Asmens duomenis duomen\u0173 subjektas pateikia pats. <\/strong>Duomen\u0173 subjektas kreipiasi \u012f \u012emon\u0119, registruojasi organizuojamuose mokymuose, naudojasi \u012emon\u0117s teikiamomis paslaugomis, perka prekes ir (ar) paslaugas, palieka komentarus, u\u017eduoda klausimus, kreipiasi \u012f \u012emon\u0119 pra\u0161ant suteikti informacij\u0105 ir pan.<\/li>\n<li><strong>Asmens duomenys gaunami duomen\u0173 subjektui lankantis <\/strong><strong>\u012emon\u0117s<\/strong> <strong>svetain\u0117je. <\/strong>Duomen\u0173 subjektas pildo joje esan\u010dias formas arba d\u0117l kokios nors prie\u017easties palieka savo kontaktinius duomenis ir pan.<\/li>\n<li><strong>Asmens duomenys gaunami i\u0161 kit\u0173 \u0161altini\u0173. <\/strong>Duomenys gaunami i\u0161 kit\u0173 \u012fstaig\u0173 ar \u012fmoni\u0173, vie\u0161ai prieinam\u0173 registr\u0173 ir pan.<\/li>\n<\/ul>\n<p><strong>\u00a0<\/strong><\/p>\n<p><strong>3. ASMENS DUOMEN\u0172 TVARKYMAS<\/strong><\/p>\n<ul>\n<li>Pateikdamas duomen\u0173 subjektas \u012emonei asmens duomenis sutinka, kad \u012emon\u0117 naudot\u0173 surinktus duomenis vykdydama savo \u012fsipareigojimus duomen\u0173 subjektui, teikdama paslaugas, kuri\u0173 duomen\u0173 subjektas tikisi.<\/li>\n<li>Asmens duomenis \u012emon\u0117 tvarko \u0161iais tikslais:<\/li>\n<li><strong>Registracija \u012f \u012emon\u0117s organizuojamus bitininkyst\u0117s mokymus ir dalyvavimas mokymuose<\/strong><strong>. \u0160iuo tikslu tvarkomi \u0161ie duomenys: <\/strong><\/li>\n<li>Vardas (-ai), pavard\u0117 (-\u0117s), elektroninio pa\u0161to adresas, telefono numeris, miestas.<\/li>\n<li><strong>U\u017eklaus\u0173, komentar\u0173 ir nusiskundim\u0173 <\/strong> <strong>\u0160iuo tikslu tvarkomi \u0161ie duomenys:<\/strong><\/li>\n<li>Vardas (-ai), pavard\u0117 (-\u0117s) ir\/arba vartotojo vardas, elektroninio pa\u0161to adresas, telefono numeris, adresas, \u017einut\u0117s, komentaro, atsiliepimo ar nusiskundimo tema, \u017einut\u0117s, komentaro, atsiliepimo ar nusiskundimo tekstas.<\/li>\n<li><strong>Kitais tikslais<\/strong><strong>, kuriais <\/strong>\u012emon\u0117<strong> turi teis\u0119 tvarkyti duomen\u0173 subjekto asmens duomenis, kai duomen\u0173 subjektas i\u0161rei\u0161k\u0117 savo sutikim\u0105, kai duomenis reikia tvarkyti d\u0117l <\/strong>\u012emon\u0117s <strong>teis\u0117to intereso arba kai tvarkyti duomenis <\/strong>\u012emon\u0119<strong> \u012fpareigoja atitinkami teis\u0117s aktai.<\/strong><\/li>\n<\/ul>\n<p><strong>\u00a0<\/strong><\/p>\n<p><strong>4. SOCIALINI\u0172 TINKL\u0172 NAUDOJIMAS<\/strong><\/p>\n<ul>\n<li>Vis\u0105 informacij\u0105, kuri\u0105 pateikiate socialin\u0117s \u017einiasklaidos priemon\u0117mis (\u012fskaitant prane\u0161imus, laukeli\u0173 \u201eLike&#8221; ir \u201eFollow&#8221; naudojim\u0105, bei kit\u0105 komunikacij\u0105), kontroliuoja atitinkamo socialinio tinklo valdytojas.<\/li>\n<li>\u0160iuo metu m\u016bs\u0173 \u012emon\u0117 turi paskyr\u0105 socialiniame tinkle \u201eFacebook&#8221;, kurio privatumo politika yra pateikiama adresu <a href=\"https:\/\/www.facebook.com\/privacy\/explanation\">https:\/\/www.facebook.com\/privacy\/explanation<\/a>;<\/li>\n<li>\u0160iuo metu m\u016bs\u0173 \u012emon\u0117 turi paskyr\u0105 socialiniame tinkle \u201eInstagram&#8221;, kurio privatumo politika yra pateikiama adresu <a href=\"https:\/\/help.instagram.com\/519522125107875\">https:\/\/help.instagram.com\/519522125107875<\/a>;<\/li>\n<li>\u0160iuo metu m\u016bs\u0173 \u012emon\u0117 turi paskyr\u0105 socialiniame tinkle \u201eLinkedIn&#8221;, kurio privatumo politika yra pasiekiama adresu <a href=\"https:\/\/www.linkedin.com\/legal\/privacy-policy\">https:\/\/www.linkedin.com\/legal\/privacy-policy<\/a>;<\/li>\n<li>\u0160iuo metu m\u016bs\u0173 \u012emon\u0117 turi paskyr\u0105 socialiniame tinkle \u201eYouTube&#8221;, kurio privatumo politika yra pasiekiama adresu <a href=\"https:\/\/policies.google.com\/privacy?hl=en-US\">https:\/\/policies.google.com\/privacy?hl=en-US<\/a>.<\/li>\n<li>Rekomenduojame perskaityti tre\u010di\u0173j\u0173 \u0161ali\u0173 privatumo prane\u0161imus ir tiesiogiai susisiekti su paslaug\u0173 teik\u0117jais, jei Jums kyla bet koki\u0173 klausim\u0173 d\u0117l to, kaip jie naudoja J\u016bs\u0173 asmens duomenis.<\/li>\n<\/ul>\n<p>&nbsp;<\/p>\n<p><strong>5. ASMENS DUOMEN\u0172 TEIKIMAS<\/strong><\/p>\n<ul>\n<li>\u012emon\u0117 \u012fsipareigoja laikytis konfidencialumo pareigos duomen\u0173 subjekt\u0173 at\u017evilgiu. Asmens duomenys gali b\u016bti atskleisti tre\u010diosioms \u0161alims tik tada, jeigu to reikia sutar\u010diai duomen\u0173 subjekto naudai sudaryti ir vykdyti, arba d\u0117l kit\u0173 teis\u0117t\u0173 prie\u017eas\u010di\u0173.<\/li>\n<li>\u012emon\u0117 gali pateikti asmens duomenis savo duomen\u0173 tvarkytojams, kurie teikia \u012emonei paslaugas ir tvarko asmens duomenis \u012emon\u0117s Duomen\u0173 tvarkytojai turi teis\u0119 tvarkyti asmens duomenis tik pagal \u012emon\u0117s nurodymus ir tik ta apimtimi, kiek tai yra b\u016btina siekiant tinkamai vykdyti sutartyje nustatytus \u012fsipareigojimus. \u012emon\u0117 pasitelkia tik tuos duomen\u0173 tvarkytojus, kurie pakankamai u\u017etikrina, kad tinkamos technin\u0117s ir organizacin\u0117s priemon\u0117s bus \u012fgyvendintos tokiu b\u016bdu, kad duomen\u0173 tvarkymas atitikt\u0173 Reglamento reikalavimus ir b\u016bt\u0173 u\u017etikrinta duomen\u0173 subjekto teisi\u0173 apsauga.<\/li>\n<li>\u012emon\u0117 taip pat gali teikti asmens duomenis atsakydama \u012f teismo arba valstybini\u0173 institucij\u0173 pra\u0161ymus ta apimtimi, kiek tai b\u016btina siekiant tinkamai vykdyti galiojan\u010dius teis\u0117s aktus ir valstybini\u0173 institucij\u0173 nurodymus.<\/li>\n<li>\u012emon\u0117 garantuoja, kad asmens duomenys nebus nei pardavin\u0117jami, nei nuomojami tretiesiems asmenims.<\/li>\n<\/ul>\n<p>&nbsp;<\/p>\n<p><strong>6. NEPILNAME\u010cI\u0172 ASMENS DUOMEN\u0172 TVARKYMAS<\/strong><\/p>\n<ul>\n<li>Asmenys, kurie yra jaunesni negu 14 met\u0173, negali teikti joki\u0173 asmens duomen\u0173 per \u012emon\u0117s svetain\u0119. Jei asmuo yra jaunesnis negu 14 met\u0173, siekiant pasinaudoti \u012emon\u0117s paslaugomis, prie\u0161 pateikiant asmenin\u0119 informacij\u0105 yra privaloma pateikti vieno i\u0161 atstovo (t\u0117vo, motinos, glob\u0117jo (-os)) ra\u0161ytin\u012f sutikim\u0105 d\u0117l asmens duomen\u0173 tvarkymo.<\/li>\n<\/ul>\n<p>&nbsp;<\/p>\n<p><strong>7. ASMENS DUOMEN\u0172 SAUGOJIMO TERMINAS<\/strong><\/p>\n<ul>\n<li>\u012emon\u0117s surinkti asmens duomenys yra saugomi spausdintiniuose dokumentuose ir (arba) \u012emon\u0117s informacin\u0117se sistemose. Asmens duomenys tvarkomi ne ilgiau, negu reikia duomen\u0173 tvarkymo tikslams pasiekti arba ne ilgiau nei to reikalauja duomen\u0173 subjektai ir (ar) numato teis\u0117s aktai.<\/li>\n<li>Nors duomen\u0173 subjektas gali nutraukti sutart\u012f ir atsisakyti \u012emon\u0117s paslaug\u0173, ta\u010diau \u012emon\u0117 ir toliau privalo saugoti duomen\u0173 subjekto duomenis d\u0117l galb\u016bt ateityje atsirasian\u010di\u0173 reikalavim\u0173 ar teisini\u0173 pretenzij\u0173 tol, kol pasibaigs duomen\u0173 saugojimo terminai.<\/li>\n<\/ul>\n<p>&nbsp;<\/p>\n<p><strong>8. DUOMEN\u0172 SUBJEKTO TEIS\u0116S <\/strong><\/p>\n<ul>\n<li><strong>Teis\u0117 gauti informacij\u0105 apie duomen\u0173 tvarkym\u0105.<\/strong><\/li>\n<li><strong>Teis\u0117 susipa\u017einti su tvarkomais duomenimis. <\/strong><\/li>\n<li><strong>Teis\u0117 reikalauti i\u0161taisyti duomenis.<\/strong><\/li>\n<li><strong>Teis\u0117 reikalauti i\u0161trinti duomenis (\u201eTeis\u0117 b\u016bti pamir\u0161tam&#8221;).<\/strong> \u0160i teis\u0117 netaikoma, jei asmens duomenys, kuriuos pra\u0161oma i\u0161trinti, yra tvarkomi ir kitu teisiniu pagrindu, tokiu kaip tvarkymas b\u016btinas sutarties vykdymui arba yra pareigos pagal taikomus teis\u0117s aktus vykdymas.<\/li>\n<li><strong>Teis\u0117 apriboti duomen\u0173 tvarkym\u0105.<\/strong><\/li>\n<li><strong>Teis\u0117 nesutikti su duomen\u0173 tvarkymu.<\/strong><\/li>\n<li><strong>Teis\u0117 \u012f duomen\u0173 perkeliamum\u0105. <\/strong>Teis\u0117 \u012f duomen\u0173 perkeliamum\u0105 negali daryti neigiamo poveikio kit\u0173 teis\u0117ms ir laisv\u0117ms. Duomen\u0173 subjektas teis\u0117s \u012f duomen\u0173 perkeliamum\u0105 neturi t\u0173 asmens duomen\u0173 at\u017evilgiu, kurie tvarkomi neautomatiniu b\u016bdu susistemintose rinkmenose, pavyzd\u017eiui, popierin\u0117se bylose.<\/li>\n<li><strong>Teis\u0117 reikalauti, kad neb\u016bt\u0173 taikomas tik automatizuotu duomen\u0173 tvarkymu, \u012fskaitant profiliavim\u0105, grind\u017eiamas sprendimas.<\/strong><\/li>\n<li><strong>Teis\u0117 pateikti skund\u0105 d\u0117l asmens duomen\u0173 tvarkymo <\/strong><strong>Valstybinei duomen\u0173 apsaugos inspekcijai<\/strong><strong>.<\/strong><\/li>\n<li>\u012emon\u0117 privalo sudaryti s\u0105lygas duomen\u0173 subjektui \u012fgyvendinti pirmiau nurodytas Duomen\u0173 subjekto teises, i\u0161skyrus \u012fstatym\u0173 nustatytus atvejus, kai reikia u\u017etikrinti valstyb\u0117s saugum\u0105 ar gynyb\u0105, vie\u0161\u0105j\u0105 tvark\u0105, nusikalstam\u0173 veikl\u0173 prevencij\u0105, tyrim\u0105, nustatym\u0105 ar baud\u017eiam\u0105j\u012f persekiojim\u0105, svarbius valstyb\u0117s ekonominius ar finansinius interesus, tarnybin\u0117s ar profesin\u0117s etikos pa\u017eeidim\u0173 prevencij\u0105, tyrim\u0105 ir nustatym\u0105, duomen\u0173 subjekto ar kitu asmen\u0173 teisi\u0173 ir laisvi\u0173 apsaug\u0105.<\/li>\n<\/ul>\n<p>&nbsp;<\/p>\n<p><strong>9. DUOMEN\u0172 SUBJEKTO TEISI\u0172 \u012eGYVENDINIMO TVARKA<\/strong><\/p>\n<ul>\n<li>Duomen\u0173 subjektas, d\u0117l savo teisi\u0173 \u012fgyvendinimo, gali kreiptis \u012f \u012emon\u0119:\n<ul>\n<li>teikiant ra\u0161ytin\u012f pra\u0161ym\u0105 asmeni\u0161kai, pa\u0161tu, per atstov\u0105 ar elektronini\u0173 ry\u0161i\u0173 priemon\u0117mis &#8211; el. pa\u0161tu: info@sdg.lt;<\/li>\n<li>\u017eod\u017eiu &#8211; telefonu: +370 800 00228;<\/li>\n<li>ra\u0161tu &#8211; adresu: Draugyst\u0117s g. 8E, Kaunas.<\/li>\n<\/ul>\n<\/li>\n<li>Taip pat gali kreiptis \u012f \u012emon\u0117s duomen\u0173 apsaugos pareig\u016bn\u0105 el. pa\u0161tu: <a href=\"mailto:asmensduomenys@sdg.lt\">asmensduomenys@sdg.lt<\/a>.<\/li>\n<li>Siekdami apsaugoti duomenis nuo neteis\u0117to atskleidimo, \u012emon\u0117, gavusi duomen\u0173 subjekto pra\u0161ym\u0105 pateikti duomenis ar \u012fgyvendinti kitas teises, privalo patikrinti duomen\u0173 subjekto tapatyb\u0119.<\/li>\n<li>\u012emon\u0117s atsakymas duomen\u0173 subjektui suteikiamas ne v\u0117liau kaip per vien\u0105 m\u0117nes\u012f nuo duomen\u0173 subjekto pra\u0161ymo gavimo dienos, atsi\u017evelgiant \u012f konkre\u010dias asmens duomen\u0173 tvarkymo aplinkybes. \u0160is laikotarpis prireikus gali b\u016bti prat\u0119stas dar dviem m\u0117nesiams, atsi\u017evelgiant \u012f pra\u0161ym\u0173 sud\u0117tingum\u0105 ir skai\u010di\u0173.<\/li>\n<\/ul>\n<p>&nbsp;<\/p>\n<p><strong>10. DUOMEN\u0172 SUBJEKTO ATSAKOMYB\u0116 <\/strong><\/p>\n<ul>\n<li>Duomen\u0173 subjektas turi:\n<ul>\n<li>informuoti \u012emon\u0119 apie pateiktos informacijos ir duomen\u0173 pasikeitimus. \u012emonei svarbu tur\u0117ti teising\u0105 ir galiojan\u010di\u0105 duomen\u0173 subjekto informacij\u0105;<\/li>\n<li>pateikti reikaling\u0105 informacij\u0105, kad esant duomen\u0173 subjekto pra\u0161ymui \u012emon\u0117 gal\u0117t\u0173 identifikuoti duomen\u0173 subjekt\u0105 ir \u012fsitikinti, kad bendrauja arba bendradarbiauja tikrai su konkre\u010diu duomen\u0173 subjektu (pateikti asmens tapatyb\u0119 patvirtinant\u012f dokument\u0105 arba teis\u0117s akt\u0173 nustatyta tvarka ar elektronini\u0173 ry\u0161i\u0173 priemon\u0117mis, kurios leist\u0173 tinkamai identifikuoti duomen\u0173 subjekt\u0105). Tai reikalinga duomen\u0173 subjekto ir kit\u0173 asmen\u0173 duomen\u0173 apsaugai, kad atskleista informacija apie duomen\u0173 subjekt\u0105 b\u016bt\u0173 pateikta tik duomen\u0173 subjektui, nepa\u017eeid\u017eiant kit\u0173 asmen\u0173 teisi\u0173.<\/li>\n<\/ul>\n<\/li>\n<\/ul>\n<p>&nbsp;<\/p>\n<p><strong>11. BAIGIAMOSIOS NUOSTATOS <\/strong><\/p>\n<ul>\n<li>Perduodamas \u012emonei asmens duomenis, duomen\u0173 subjektas sutinka su \u0161ia Privatumo politika, supranta jos nuostatas ir sutinka jos laikytis.<\/li>\n<li>Pl\u0117tojant ir tobulinant \u012emon\u0117s veikl\u0105, \u012emon\u0117 turi teis\u0119 bet kuriuo metu viena\u0161ali\u0161kai pakeisti \u0161i\u0105 Privatumo politik\u0105. \u012emon\u0117 turi teis\u0119 viena\u0161ali\u0161kai, i\u0161 dalies ar visi\u0161kai pakeisti Privatumo politik\u0105 apie tai prane\u0161dama internetin\u0117je svetain\u0117je <a href=\"http:\/\/www.oshkursai.lt\">oshkursai.lt<\/a><\/li>\n<li>Privatumo politikos papildymai ar pakeitimai \u012fsigalioja nuo j\u0173 paskelbimo dienos, t. y., nuo tos dienos, kai jie yra patalpinami internetin\u0117je svetain\u0117je <a href=\"http:\/\/www.oshkursai.lt\">oshkursai.lt<\/a><\/li>\n<\/ul>\n<p>&nbsp;<\/p>\n<p>&nbsp;<\/p>\n\n","protected":false},"excerpt":{"rendered":"<p>Privatumo politika Privatumo politikos tikslas &#8211; informuoti kaip yra renkami ir tvarkomi duomen\u0173 subjekt\u0173 asmens duomenys, paai\u0161kinti, kiek laiko saugomi, kam teikiami, kokias teises turi duomen\u0173 subjektai bei kur kreiptis d\u0117l j\u0173 \u012fgyvendinimo ar kitais su asmens duomen\u0173 tvarkymu susijusiais klausimais. Asmens duomenys tvarkomi vadovaujantis Europos S\u0105jungos Bendruoju duomen\u0173 apsaugos reglamentu (ES) 2016\/679 (toliau &#8211;&hellip;&nbsp;<a href=\"https:\/\/test.oshkursai.lt\/?page_id=3\" class=\"\" rel=\"bookmark\">Read More &raquo;<span class=\"screen-reader-text\">Privatumo politika<\/span><\/a><\/p>\n","protected":false},"author":2,"featured_media":0,"parent":0,"menu_order":0,"comment_status":"closed","ping_status":"closed","template":"page-templates\/template-pagebuilder-full-width.php","meta":{"neve_meta_sidebar":"","neve_meta_container":"","neve_meta_enable_content_width":"","neve_meta_content_width":0,"neve_meta_title_alignment":"","neve_meta_author_avatar":"","neve_post_elements_order":"","neve_meta_disable_header":"","neve_meta_disable_footer":"","neve_meta_disable_title":"","_ti_tpc_template_sync":false,"_ti_tpc_template_id":""},"yoast_head":"<!-- This site is optimized with the Yoast SEO plugin v20.2.1 - https:\/\/yoast.com\/wordpress\/plugins\/seo\/ -->\n<title>Privatumo politika -<\/title>\n<meta name=\"robots\" content=\"noindex, follow, max-snippet:-1, max-image-preview:large, max-video-preview:-1\" \/>\n<meta property=\"og:locale\" content=\"en_US\" \/>\n<meta property=\"og:type\" content=\"article\" \/>\n<meta property=\"og:title\" content=\"Privatumo politika -\" \/>\n<meta property=\"og:description\" content=\"Privatumo politika Privatumo politikos tikslas &#8211; informuoti kaip yra renkami ir tvarkomi duomen\u0173 subjekt\u0173 asmens duomenys, paai\u0161kinti, kiek laiko saugomi, kam teikiami, kokias teises turi duomen\u0173 subjektai bei kur kreiptis d\u0117l j\u0173 \u012fgyvendinimo ar kitais su asmens duomen\u0173 tvarkymu susijusiais klausimais. Asmens duomenys tvarkomi vadovaujantis Europos S\u0105jungos Bendruoju duomen\u0173 apsaugos reglamentu (ES) 2016\/679 (toliau &#8211;&hellip;&nbsp;Read More &raquo;Privatumo politika\" \/>\n<meta property=\"og:url\" content=\"https:\/\/test.oshkursai.lt\/?page_id=3\" \/>\n<meta property=\"article:modified_time\" content=\"2022-11-28T11:40:47+00:00\" \/>\n<meta name=\"twitter:card\" content=\"summary_large_image\" \/>\n<meta name=\"twitter:label1\" content=\"Est. reading time\" \/>\n\t<meta name=\"twitter:data1\" content=\"8 minutes\" \/>\n<script type=\"application\/ld+json\" class=\"yoast-schema-graph\">{\"@context\":\"https:\/\/schema.org\",\"@graph\":[{\"@type\":\"WebPage\",\"@id\":\"https:\/\/test.oshkursai.lt\/?page_id=3\",\"url\":\"https:\/\/test.oshkursai.lt\/?page_id=3\",\"name\":\"Privatumo politika -\",\"isPartOf\":{\"@id\":\"https:\/\/test.oshkursai.lt\/#website\"},\"datePublished\":\"2022-11-18T07:45:16+00:00\",\"dateModified\":\"2022-11-28T11:40:47+00:00\",\"breadcrumb\":{\"@id\":\"https:\/\/test.oshkursai.lt\/?page_id=3#breadcrumb\"},\"inLanguage\":\"en-US\",\"potentialAction\":[{\"@type\":\"ReadAction\",\"target\":[\"https:\/\/test.oshkursai.lt\/?page_id=3\"]}]},{\"@type\":\"BreadcrumbList\",\"@id\":\"https:\/\/test.oshkursai.lt\/?page_id=3#breadcrumb\",\"itemListElement\":[{\"@type\":\"ListItem\",\"position\":1,\"name\":\"Home\",\"item\":\"https:\/\/test.oshkursai.lt\/\"},{\"@type\":\"ListItem\",\"position\":2,\"name\":\"Privatumo politika\"}]},{\"@type\":\"WebSite\",\"@id\":\"https:\/\/test.oshkursai.lt\/#website\",\"url\":\"https:\/\/test.oshkursai.lt\/\",\"name\":\"\",\"description\":\"\",\"potentialAction\":[{\"@type\":\"SearchAction\",\"target\":{\"@type\":\"EntryPoint\",\"urlTemplate\":\"https:\/\/test.oshkursai.lt\/?s={search_term_string}\"},\"query-input\":\"required name=search_term_string\"}],\"inLanguage\":\"en-US\"}]}<\/script>\n<!-- \/ Yoast SEO plugin. -->","yoast_head_json":{"title":"Privatumo politika -","robots":{"index":"noindex","follow":"follow","max-snippet":"max-snippet:-1","max-image-preview":"max-image-preview:large","max-video-preview":"max-video-preview:-1"},"og_locale":"en_US","og_type":"article","og_title":"Privatumo politika -","og_description":"Privatumo politika Privatumo politikos tikslas &#8211; informuoti kaip yra renkami ir tvarkomi duomen\u0173 subjekt\u0173 asmens duomenys, paai\u0161kinti, kiek laiko saugomi, kam teikiami, kokias teises turi duomen\u0173 subjektai bei kur kreiptis d\u0117l j\u0173 \u012fgyvendinimo ar kitais su asmens duomen\u0173 tvarkymu susijusiais klausimais. Asmens duomenys tvarkomi vadovaujantis Europos S\u0105jungos Bendruoju duomen\u0173 apsaugos reglamentu (ES) 2016\/679 (toliau &#8211;&hellip;&nbsp;Read More &raquo;Privatumo politika","og_url":"https:\/\/test.oshkursai.lt\/?page_id=3","article_modified_time":"2022-11-28T11:40:47+00:00","twitter_card":"summary_large_image","twitter_misc":{"Est. reading time":"8 minutes"},"schema":{"@context":"https:\/\/schema.org","@graph":[{"@type":"WebPage","@id":"https:\/\/test.oshkursai.lt\/?page_id=3","url":"https:\/\/test.oshkursai.lt\/?page_id=3","name":"Privatumo politika -","isPartOf":{"@id":"https:\/\/test.oshkursai.lt\/#website"},"datePublished":"2022-11-18T07:45:16+00:00","dateModified":"2022-11-28T11:40:47+00:00","breadcrumb":{"@id":"https:\/\/test.oshkursai.lt\/?page_id=3#breadcrumb"},"inLanguage":"en-US","potentialAction":[{"@type":"ReadAction","target":["https:\/\/test.oshkursai.lt\/?page_id=3"]}]},{"@type":"BreadcrumbList","@id":"https:\/\/test.oshkursai.lt\/?page_id=3#breadcrumb","itemListElement":[{"@type":"ListItem","position":1,"name":"Home","item":"https:\/\/test.oshkursai.lt\/"},{"@type":"ListItem","position":2,"name":"Privatumo politika"}]},{"@type":"WebSite","@id":"https:\/\/test.oshkursai.lt\/#website","url":"https:\/\/test.oshkursai.lt\/","name":"","description":"","potentialAction":[{"@type":"SearchAction","target":{"@type":"EntryPoint","urlTemplate":"https:\/\/test.oshkursai.lt\/?s={search_term_string}"},"query-input":"required name=search_term_string"}],"inLanguage":"en-US"}]}},"_links":{"self":[{"href":"https:\/\/test.oshkursai.lt\/index.php?rest_route=\/wp\/v2\/pages\/3"}],"collection":[{"href":"https:\/\/test.oshkursai.lt\/index.php?rest_route=\/wp\/v2\/pages"}],"about":[{"href":"https:\/\/test.oshkursai.lt\/index.php?rest_route=\/wp\/v2\/types\/page"}],"author":[{"embeddable":true,"href":"https:\/\/test.oshkursai.lt\/index.php?rest_route=\/wp\/v2\/users\/2"}],"replies":[{"embeddable":true,"href":"https:\/\/test.oshkursai.lt\/index.php?rest_route=%2Fwp%2Fv2%2Fcomments&post=3"}],"version-history":[{"count":2,"href":"https:\/\/test.oshkursai.lt\/index.php?rest_route=\/wp\/v2\/pages\/3\/revisions"}],"predecessor-version":[{"id":312,"href":"https:\/\/test.oshkursai.lt\/index.php?rest_route=\/wp\/v2\/pages\/3\/revisions\/312"}],"wp:attachment":[{"href":"https:\/\/test.oshkursai.lt\/index.php?rest_route=%2Fwp%2Fv2%2Fmedia&parent=3"}],"curies":[{"name":"wp","href":"https:\/\/api.w.org\/{rel}","templated":true}]}}