{"id":250,"date":"2021-08-11T12:26:39","date_gmt":"2021-08-11T12:26:39","guid":{"rendered":"https:\/\/demosites.io\/fitness-gb\/?page_id=250"},"modified":"2023-02-21T10:20:44","modified_gmt":"2023-02-21T10:20:44","slug":"a5213-groups","status":"publish","type":"page","link":"https:\/\/test.oshkursai.lt\/?page_id=250","title":{"rendered":"Egzaminai"},"content":{"rendered":"\n\n\t<h2>Egzaminai<\/h2>\n\t<h3>Apie egzaminus<\/h3>\n\tOSH pass ir HOT WORK pass egzaminus gali laikyti asmenys, kurie atitinkamai baig\u0117 OSH pass arba HOT WORK pass mokymus. U\u017esiregistrav\u0119 \u012f mokymus b\u016bsite supa\u017eindinti su numatomomis egzamin\u0173 datomis.\n\t<h3>Egzaminavimo eiga<\/h3>\n\tEgzamin\u0173 u\u017eduotis pateikia <a href=\"https:\/\/oshpass.eu\/lt\/pagrindinis\/\" target=\"_blank\" rel=\"noopener\">OSHpass Sertifikavimo centras<\/a>. Egzamino metu grie\u017etai draud\u017eiama naudotis literat\u016bra, mobiliojo ry\u0161io bei kitomis informacijos pri\u0117mimo ir perdavimo priemon\u0117mis, kalb\u0117tis su kitais asmenimis.\nEgzamin\u0105 sudaro 60 testini\u0173 klausim\u0173, egzamino trukm\u0117 1 val. 15 min.\n\t<h3>I\u0161laikius egzamin\u0105<\/h3>\n\tAsmenys, kurie yra i\u0161laik\u0119 OSH pass ir\/arba HOT WORK pass egzaminus, registruojami Centriniame diplom\u0173 registre.\nI\u0161laikius OSH pass, HOT WORK pass egzaminus, asmenims i\u0161duodami diplomai, liudijantys egzamino i\u0161laikymo fakt\u0105.\n\t\t\t<a href=\"https:\/\/ccr.oshpass.eu\/\" target=\"_blank\" role=\"button\" rel=\"noopener\">\n\t\t\t\t\t\t\tCentrinis diplom\u0173 registras\n\t\t\t\t\t<\/a>\n\tEgzaminas vyksta kiekvien\u0105 ketvirtadien\u012f, nuo 9 val. ryto, adresu Draugyst\u0117s g. 8E, Kaune esan\u010dioje mokym\u0173 klas\u0117je arba atskiru susitarimu J\u016bs\u0173 nurodytu adresu visoje Lietuvoje.\n<p><b>OSH pass<\/b> \/<b>HOT WORK pass<\/b> egzaminas laikomas lietuvi\u0173 arba rus\u0173 kalba.<\/p>\n<p>&nbsp;<\/p>\n<p>&nbsp;<\/p>\n\n","protected":false},"excerpt":{"rendered":"<p>Egzaminai Apie egzaminus OSH pass ir HOT WORK pass egzaminus gali laikyti asmenys, kurie atitinkamai baig\u0117 OSH pass arba HOT WORK pass mokymus. U\u017esiregistrav\u0119 \u012f mokymus b\u016bsite supa\u017eindinti su numatomomis egzamin\u0173 datomis. Egzaminavimo eiga Egzamin\u0173 u\u017eduotis pateikia OSHpass Sertifikavimo centras. Egzamino metu grie\u017etai draud\u017eiama naudotis literat\u016bra, mobiliojo ry\u0161io bei kitomis informacijos pri\u0117mimo ir perdavimo priemon\u0117mis,&hellip;&nbsp;<a href=\"https:\/\/test.oshkursai.lt\/?page_id=250\" class=\"\" rel=\"bookmark\">Read More &raquo;<span class=\"screen-reader-text\">Egzaminai<\/span><\/a><\/p>\n","protected":false},"author":2,"featured_media":0,"parent":0,"menu_order":0,"comment_status":"closed","ping_status":"closed","template":"page-templates\/template-pagebuilder-full-width.php","meta":{"neve_meta_sidebar":"","neve_meta_container":"","neve_meta_enable_content_width":"on","neve_meta_content_width":100,"neve_meta_title_alignment":"","neve_meta_author_avatar":"","neve_post_elements_order":"","neve_meta_disable_header":"","neve_meta_disable_footer":"","neve_meta_disable_title":"on","_ti_tpc_template_sync":false,"_ti_tpc_template_id":""},"yoast_head":"<!-- This site is optimized with the Yoast SEO plugin v20.2.1 - https:\/\/yoast.com\/wordpress\/plugins\/seo\/ -->\n<title>Egzaminai -<\/title>\n<meta name=\"robots\" content=\"noindex, follow, max-snippet:-1, max-image-preview:large, max-video-preview:-1\" \/>\n<meta property=\"og:locale\" content=\"en_US\" \/>\n<meta property=\"og:type\" content=\"article\" \/>\n<meta property=\"og:title\" content=\"Egzaminai -\" \/>\n<meta property=\"og:description\" content=\"Egzaminai Apie egzaminus OSH pass ir HOT WORK pass egzaminus gali laikyti asmenys, kurie atitinkamai baig\u0117 OSH pass arba HOT WORK pass mokymus. U\u017esiregistrav\u0119 \u012f mokymus b\u016bsite supa\u017eindinti su numatomomis egzamin\u0173 datomis. Egzaminavimo eiga Egzamin\u0173 u\u017eduotis pateikia OSHpass Sertifikavimo centras. Egzamino metu grie\u017etai draud\u017eiama naudotis literat\u016bra, mobiliojo ry\u0161io bei kitomis informacijos pri\u0117mimo ir perdavimo priemon\u0117mis,&hellip;&nbsp;Read More &raquo;Egzaminai\" \/>\n<meta property=\"og:url\" content=\"https:\/\/test.oshkursai.lt\/?page_id=250\" \/>\n<meta property=\"article:modified_time\" content=\"2023-02-21T10:20:44+00:00\" \/>\n<meta name=\"twitter:card\" content=\"summary_large_image\" \/>\n<script type=\"application\/ld+json\" class=\"yoast-schema-graph\">{\"@context\":\"https:\/\/schema.org\",\"@graph\":[{\"@type\":\"WebPage\",\"@id\":\"https:\/\/test.oshkursai.lt\/?page_id=250\",\"url\":\"https:\/\/test.oshkursai.lt\/?page_id=250\",\"name\":\"Egzaminai -\",\"isPartOf\":{\"@id\":\"https:\/\/test.oshkursai.lt\/#website\"},\"datePublished\":\"2021-08-11T12:26:39+00:00\",\"dateModified\":\"2023-02-21T10:20:44+00:00\",\"breadcrumb\":{\"@id\":\"https:\/\/test.oshkursai.lt\/?page_id=250#breadcrumb\"},\"inLanguage\":\"en-US\",\"potentialAction\":[{\"@type\":\"ReadAction\",\"target\":[\"https:\/\/test.oshkursai.lt\/?page_id=250\"]}]},{\"@type\":\"BreadcrumbList\",\"@id\":\"https:\/\/test.oshkursai.lt\/?page_id=250#breadcrumb\",\"itemListElement\":[{\"@type\":\"ListItem\",\"position\":1,\"name\":\"Home\",\"item\":\"https:\/\/test.oshkursai.lt\/\"},{\"@type\":\"ListItem\",\"position\":2,\"name\":\"Egzaminai\"}]},{\"@type\":\"WebSite\",\"@id\":\"https:\/\/test.oshkursai.lt\/#website\",\"url\":\"https:\/\/test.oshkursai.lt\/\",\"name\":\"\",\"description\":\"\",\"potentialAction\":[{\"@type\":\"SearchAction\",\"target\":{\"@type\":\"EntryPoint\",\"urlTemplate\":\"https:\/\/test.oshkursai.lt\/?s={search_term_string}\"},\"query-input\":\"required name=search_term_string\"}],\"inLanguage\":\"en-US\"}]}<\/script>\n<!-- \/ Yoast SEO plugin. -->","yoast_head_json":{"title":"Egzaminai -","robots":{"index":"noindex","follow":"follow","max-snippet":"max-snippet:-1","max-image-preview":"max-image-preview:large","max-video-preview":"max-video-preview:-1"},"og_locale":"en_US","og_type":"article","og_title":"Egzaminai -","og_description":"Egzaminai Apie egzaminus OSH pass ir HOT WORK pass egzaminus gali laikyti asmenys, kurie atitinkamai baig\u0117 OSH pass arba HOT WORK pass mokymus. U\u017esiregistrav\u0119 \u012f mokymus b\u016bsite supa\u017eindinti su numatomomis egzamin\u0173 datomis. Egzaminavimo eiga Egzamin\u0173 u\u017eduotis pateikia OSHpass Sertifikavimo centras. Egzamino metu grie\u017etai draud\u017eiama naudotis literat\u016bra, mobiliojo ry\u0161io bei kitomis informacijos pri\u0117mimo ir perdavimo priemon\u0117mis,&hellip;&nbsp;Read More &raquo;Egzaminai","og_url":"https:\/\/test.oshkursai.lt\/?page_id=250","article_modified_time":"2023-02-21T10:20:44+00:00","twitter_card":"summary_large_image","schema":{"@context":"https:\/\/schema.org","@graph":[{"@type":"WebPage","@id":"https:\/\/test.oshkursai.lt\/?page_id=250","url":"https:\/\/test.oshkursai.lt\/?page_id=250","name":"Egzaminai -","isPartOf":{"@id":"https:\/\/test.oshkursai.lt\/#website"},"datePublished":"2021-08-11T12:26:39+00:00","dateModified":"2023-02-21T10:20:44+00:00","breadcrumb":{"@id":"https:\/\/test.oshkursai.lt\/?page_id=250#breadcrumb"},"inLanguage":"en-US","potentialAction":[{"@type":"ReadAction","target":["https:\/\/test.oshkursai.lt\/?page_id=250"]}]},{"@type":"BreadcrumbList","@id":"https:\/\/test.oshkursai.lt\/?page_id=250#breadcrumb","itemListElement":[{"@type":"ListItem","position":1,"name":"Home","item":"https:\/\/test.oshkursai.lt\/"},{"@type":"ListItem","position":2,"name":"Egzaminai"}]},{"@type":"WebSite","@id":"https:\/\/test.oshkursai.lt\/#website","url":"https:\/\/test.oshkursai.lt\/","name":"","description":"","potentialAction":[{"@type":"SearchAction","target":{"@type":"EntryPoint","urlTemplate":"https:\/\/test.oshkursai.lt\/?s={search_term_string}"},"query-input":"required name=search_term_string"}],"inLanguage":"en-US"}]}},"_links":{"self":[{"href":"https:\/\/test.oshkursai.lt\/index.php?rest_route=\/wp\/v2\/pages\/250"}],"collection":[{"href":"https:\/\/test.oshkursai.lt\/index.php?rest_route=\/wp\/v2\/pages"}],"about":[{"href":"https:\/\/test.oshkursai.lt\/index.php?rest_route=\/wp\/v2\/types\/page"}],"author":[{"embeddable":true,"href":"https:\/\/test.oshkursai.lt\/index.php?rest_route=\/wp\/v2\/users\/2"}],"replies":[{"embeddable":true,"href":"https:\/\/test.oshkursai.lt\/index.php?rest_route=%2Fwp%2Fv2%2Fcomments&post=250"}],"version-history":[{"count":8,"href":"https:\/\/test.oshkursai.lt\/index.php?rest_route=\/wp\/v2\/pages\/250\/revisions"}],"predecessor-version":[{"id":402,"href":"https:\/\/test.oshkursai.lt\/index.php?rest_route=\/wp\/v2\/pages\/250\/revisions\/402"}],"wp:attachment":[{"href":"https:\/\/test.oshkursai.lt\/index.php?rest_route=%2Fwp%2Fv2%2Fmedia&parent=250"}],"curies":[{"name":"wp","href":"https:\/\/api.w.org\/{rel}","templated":true}]}}