{"id":195,"date":"2020-02-19T14:11:53","date_gmt":"2020-02-19T14:11:53","guid":{"rendered":"https:\/\/demosites.io\/fitness-gb\/?page_id=195"},"modified":"2022-11-28T08:02:39","modified_gmt":"2022-11-28T08:02:39","slug":"a5213-privacy-and-terms-2","status":"publish","type":"page","link":"https:\/\/test.oshkursai.lt\/?page_id=195","title":{"rendered":"Slapuk\u0173 politika"},"content":{"rendered":"\n<h2>\n\t\tSlapuk\u0173 politika\n\t<\/h2>\n\t<strong>UAB SDG<\/strong>\u00a0(toliau &#8211; \u012emon\u0117) r\u016bpinasi J\u016bs\u0173 duomen\u0173 saugumu. Esame \u012fsipareigoj\u0119 saugoti bei atsakingai tvarkyti J\u016bs\u0173 asmens duomenis. \u0160iame dokumente pateikiame informacij\u0105 apie tai, kaip tvarkome J\u016bs\u0173 asmens duomenis naudodami slapukus (angl. &#8211; Cookies).\nAsmens duomenys tvarkomi vadovaujantis Europos S\u0105jungos Bendruoju duomen\u0173 apsaugos reglamentu (ES) 2016\/679 (toliau &#8211; Reglamentas), Lietuvos Respublikos asmens duomen\u0173 teisin\u0117s apsaugos \u012fstatymu bei kitais teis\u0117s aktais, reglamentuojan\u010diais asmens duomen\u0173 apsaug\u0105.\n<p><strong>1. <\/strong><strong>SLAPUK\u0172 NAUDOJIMAS<\/strong><\/p>\n1.1. \u012emon\u0117s<strong> interneto svetain\u0117je naudojami slapukai (angl. &#8211; Cookies) &#8211; <\/strong>ma\u017eos tekstin\u0117s informacijos daleles, kurios yra automati\u0161kai sukuriamos nar\u0161ant svetain\u0117je ir yra saugomos asmens kompiuteryje ar kitame J\u016bs\u0173 naudojamame \u012frenginyje. Slapukai naudojami su tikslu gerinti nar\u0161ymo patirt\u012f svetain\u0117s lankytojams, analizuoti svetain\u0117s lankytoj\u0173 srautus bei elges\u012f interneto svetain\u0117je.\n1.2. \u012emon\u0117 interneto svetain\u0117je naudoja slapukus su tikslu tobulinti ir gerinti svetain\u0117s lankytoj\u0173 patirt\u012f.\n1.3. \u012emon\u0117s interneto svetain\u0117je gali b\u016bti naudojamos \u0161ios slapuk\u0173 r\u016b\u0161ys:\n1.3.1.<strong> Techniniai slapukai &#8211; <\/strong>padeda svetain\u0117s lankytojui rodyti svetain\u0119 ir jos turin\u012f, padeda u\u017etikrinti interneto svetain\u0117s funkcionalum\u0105. Techniniai slapukai b\u016btini tinkamam interneto svetain\u0117s funkcionalumui.\n1.3.2.<strong> Funkciniai slapukai &#8211; <\/strong>naudojami siekiant pad\u0117ti svetain\u0117s lankytojui naudotis \u012emon\u0117s interneto svetaine, prisiminti nar\u0161ymo metu atliktus pasirinkimus ir pageidavimus. Funkciniai slapukai n\u0117ra b\u016btini, kad interneto svetain\u0117 gal\u0117t\u0173 pilnai funkcionuoti, ta\u010diau jie prideda funkcionalumo ir pagerina J\u016bs\u0173 naudojimosi \u012emon\u0117s interneto svetaine patirt\u012f.\n1.3.3.<strong> Analitiniai slapukai &#8211; <\/strong>naudojami siekiant gauti informacij\u0105 apie tai, kaip svetain\u0117s lankytojai naudoja \u012emon\u0117s interneto svetain\u0119. Tai reikalinga tam, kad gal\u0117tum\u0117me \u012emon\u0117s interneto svetain\u0119 optimizuoti bei j\u0105 pagerinti. Analitini\u0173 slapuk\u0173 pagalba galime rinkti duomenis apie j\u016bs\u0173 per\u017ei\u016br\u0117tus internetinius puslapius, i\u0161 kuri\u0173 puslapi\u0173 at\u0117jote, kokius el. lai\u0161kus atv\u0117r\u0117te ir \u012f kuriuos sureagavote bei informacij\u0105 apie dat\u0105 ir laik\u0105. Tai taip pat rei\u0161kia, kad galime naudoti informacij\u0105 apie Jus ir tai, kaip naudojate \u0161i\u0105 svetain\u0119, pavyzd\u017eiui, apsilankymo da\u017enum\u0105, paspaudim\u0173 skai\u010di\u0173 tam tikrame puslapyje, naudotus paie\u0161kos \u017eod\u017eius ir kt.\n1.3.4.<strong> Komerciniai slapukai (tiksliniai arba reklaminiai slapukai) &#8211; <\/strong>naudojami siekiant pateikti suasmenint\u0105 reklama \u012emon\u0117s interneto svetain\u0117s lankytojui. Tai vadinama \u201epakartotine rinkodara&#8221;, kuri pagr\u012fsta nar\u0161ymo veiksmais, pavyzd\u017eiui, j\u016bs\u0173 ie\u0161kotomis, per\u017ei\u016br\u0117tomis prek\u0117mis ir\/ar paslaugomis.\n1.4. Prieig\u0105 prie statistini\u0173 duomen\u0173 apie \u012emon\u0117s svetain\u0117s lankytojus turi \u012emon\u0117s darbuotojai, kurie yra atsakingi u\u017e \u0161i\u0173 duomen\u0173 analiz\u0119 ir interneto svetain\u0117s tobulinim\u0105.\n1.5. Prieig\u0105 prie technini\u0173 \u012fra\u0161\u0173 taip pat gali tur\u0117ti \u012emon\u0117s partneriai, kurie teikia \u012emon\u0117s interneto svetain\u0117s turinio valdymo \u012frankius.\n1.6. Slapukais surinkti duomenys \u012emon\u0117je yra saugomi ne ilgiau, negu reikia duomen\u0173 tvarkymo tikslams pasiekti arba ne ilgiau nei to reikalauja duomen\u0173 subjektai ir (ar) numato teis\u0117s aktai.\n1.7. I\u0161samesn\u0119 informacij\u0105 apie slapukus galite rasti adresu: <a href=\"http:\/\/allaboutcookies.org\">AllAboutCookies.org<\/a>.\n1.8. Jeigu nesutinkate, kad mes naudotum\u0117me slapukus, J\u016bs turite galimyb\u0119 pakeisti savo interneto nar\u0161ykl\u0117s nustatymus bei kontroliuoti slapuk\u0173 kiek\u012f. Naudingas nuorodas, kaip atsisakyti slapuk\u0173, rasite \u017eemiau:\n<ul>\n<li><strong>Chrome<\/strong> nar\u0161yklei:<strong><a href=\"https:\/\/support.google.com\/chrome\/answer\/95647?hl=en\">https:\/\/support.google.com\/chrome\/answer\/95647?hl=en<\/a>; <\/strong><\/li>\n<li><strong>Firefox<\/strong> nar\u0161yklei:<strong><a href=\"https:\/\/support.mozilla.org\/en-US\/kb\/cookies-information-websites-store-on-your-computer?redirectlocale=en-US&amp;redirectslug=Cookies\">https:\/\/support.mozilla.org\/en-US\/kb\/cookies-information-websites-store-on-your-computer?redirectlocale=en-US&amp;redirectslug=Cookies<\/a>; <\/strong><\/li>\n<li><strong>Safari<\/strong> nar\u0161yklei:<strong><a href=\"https:\/\/support.apple.com\/guide\/safari\/manage-cookies-and-website-data-sfri11471\/mac\">https:\/\/support.apple.com\/guide\/safari\/manage-cookies-and-website-data-sfri11471\/mac<\/a>; <\/strong><\/li>\n<li><strong>Edge<\/strong> nar\u0161yklei: <strong><a href=\"https:\/\/support.microsoft.com\/en-us\/help\/4468242\/microsoft-edge-browsing-data-and-privacy-microsoft-privacy\">https:\/\/support.microsoft.com\/en-us\/help\/4468242\/microsoft-edge-browsing-data-and-privacy-microsoft-privacy<\/a><\/strong><strong>. <\/strong><\/li>\n<\/ul>\n<p>&nbsp;<\/p>\n<p><strong>2. INTERNETO SVETAIN\u0116JE NAUDOJAM\u0172 SLAPUK\u0172 APRA\u0160YMAI<\/strong><\/p>\n<p>&nbsp;<\/p>\n<table width=\"643\">\n<tbody>\n<tr>\n<td width=\"142\"><strong>Slapuko pavadinimas<\/strong><\/td>\n<td width=\"284\"><strong>Slapuko tikslo apra\u0161ymas<\/strong><\/td>\n<td width=\"123\"><strong>Tiek\u0117jas<\/strong><\/td>\n<td width=\"95\"><strong>Galiojimas<\/strong><\/td>\n<\/tr>\n<tr>\n<td width=\"142\"><strong>tk_or<\/strong><\/td>\n<td width=\"284\">\u0160\u012f slapuk\u0105 svetain\u0117se, naudojan\u010diose \u201eWooCommerce&#8221;, nustato \u201eJetPack&#8221; papildinys. Tai yra persiuntimo slapukas, naudojamas analizuojant \u201eJetpack&#8221; persiunt\u0117jo elgsen\u0105.<\/td>\n<td width=\"123\">.oshpass.eu<\/td>\n<td width=\"95\">5 metai<\/td>\n<\/tr>\n<tr>\n<td width=\"142\"><strong>tk_r3d<\/strong><\/td>\n<td width=\"284\">Slapuk\u0105 \u012fdiegia \u201eJetPack&#8221;. Naudojamas vartotojo veiklos vidinei metrikai, siekiant pagerinti vartotojo patirt\u012f.<\/td>\n<td width=\"123\">.oshpass.eu<\/td>\n<td width=\"95\">3 dienos<\/td>\n<\/tr>\n<tr>\n<td width=\"142\"><strong>tk_lr<\/strong><\/td>\n<td width=\"284\">\u0160\u012f slapuk\u0105 svetain\u0117se, naudojan\u010diose \u201eWooCommerce&#8221;, nustato \u201eJetPack&#8221; papildinys. Tai yra persiuntimo slapukas, naudojamas analizuojant \u201eJetpack&#8221; persiunt\u0117jo elgsen\u0105.<\/td>\n<td width=\"123\">.oshpass.eu<\/td>\n<td width=\"95\">1 metai<\/td>\n<\/tr>\n<\/tbody>\n<\/table>\n<p>&nbsp;<\/p>\n<p>&nbsp;<\/p>\n\n","protected":false},"excerpt":{"rendered":"<p>Slapuk\u0173 politika UAB SDG\u00a0(toliau &#8211; \u012emon\u0117) r\u016bpinasi J\u016bs\u0173 duomen\u0173 saugumu. Esame \u012fsipareigoj\u0119 saugoti bei atsakingai tvarkyti J\u016bs\u0173 asmens duomenis. \u0160iame dokumente pateikiame informacij\u0105 apie tai, kaip tvarkome J\u016bs\u0173 asmens duomenis naudodami slapukus (angl. &#8211; Cookies). Asmens duomenys tvarkomi vadovaujantis Europos S\u0105jungos Bendruoju duomen\u0173 apsaugos reglamentu (ES) 2016\/679 (toliau &#8211; Reglamentas), Lietuvos Respublikos asmens duomen\u0173 teisin\u0117s&hellip;&nbsp;<a href=\"https:\/\/test.oshkursai.lt\/?page_id=195\" class=\"\" rel=\"bookmark\">Read More &raquo;<span class=\"screen-reader-text\">Slapuk\u0173 politika<\/span><\/a><\/p>\n","protected":false},"author":2,"featured_media":0,"parent":0,"menu_order":0,"comment_status":"closed","ping_status":"closed","template":"page-templates\/template-pagebuilder-full-width.php","meta":{"neve_meta_sidebar":"","neve_meta_container":"","neve_meta_enable_content_width":"off","neve_meta_content_width":0,"neve_meta_title_alignment":"","neve_meta_author_avatar":"","neve_post_elements_order":"","neve_meta_disable_header":"","neve_meta_disable_footer":"","neve_meta_disable_title":"","_ti_tpc_template_sync":false,"_ti_tpc_template_id":""},"yoast_head":"<!-- This site is optimized with the Yoast SEO plugin v20.2.1 - https:\/\/yoast.com\/wordpress\/plugins\/seo\/ -->\n<title>Slapuk\u0173 politika -<\/title>\n<meta name=\"robots\" content=\"noindex, follow, max-snippet:-1, max-image-preview:large, max-video-preview:-1\" \/>\n<meta property=\"og:locale\" content=\"en_US\" \/>\n<meta property=\"og:type\" content=\"article\" \/>\n<meta property=\"og:title\" content=\"Slapuk\u0173 politika -\" \/>\n<meta property=\"og:description\" content=\"Slapuk\u0173 politika UAB SDG\u00a0(toliau &#8211; \u012emon\u0117) r\u016bpinasi J\u016bs\u0173 duomen\u0173 saugumu. Esame \u012fsipareigoj\u0119 saugoti bei atsakingai tvarkyti J\u016bs\u0173 asmens duomenis. \u0160iame dokumente pateikiame informacij\u0105 apie tai, kaip tvarkome J\u016bs\u0173 asmens duomenis naudodami slapukus (angl. &#8211; Cookies). Asmens duomenys tvarkomi vadovaujantis Europos S\u0105jungos Bendruoju duomen\u0173 apsaugos reglamentu (ES) 2016\/679 (toliau &#8211; Reglamentas), Lietuvos Respublikos asmens duomen\u0173 teisin\u0117s&hellip;&nbsp;Read More &raquo;Slapuk\u0173 politika\" \/>\n<meta property=\"og:url\" content=\"https:\/\/test.oshkursai.lt\/?page_id=195\" \/>\n<meta property=\"article:modified_time\" content=\"2022-11-28T08:02:39+00:00\" \/>\n<meta name=\"twitter:card\" content=\"summary_large_image\" \/>\n<meta name=\"twitter:label1\" content=\"Est. reading time\" \/>\n\t<meta name=\"twitter:data1\" content=\"2 minutes\" \/>\n<script type=\"application\/ld+json\" class=\"yoast-schema-graph\">{\"@context\":\"https:\/\/schema.org\",\"@graph\":[{\"@type\":\"WebPage\",\"@id\":\"https:\/\/test.oshkursai.lt\/?page_id=195\",\"url\":\"https:\/\/test.oshkursai.lt\/?page_id=195\",\"name\":\"Slapuk\u0173 politika -\",\"isPartOf\":{\"@id\":\"https:\/\/test.oshkursai.lt\/#website\"},\"datePublished\":\"2020-02-19T14:11:53+00:00\",\"dateModified\":\"2022-11-28T08:02:39+00:00\",\"breadcrumb\":{\"@id\":\"https:\/\/test.oshkursai.lt\/?page_id=195#breadcrumb\"},\"inLanguage\":\"en-US\",\"potentialAction\":[{\"@type\":\"ReadAction\",\"target\":[\"https:\/\/test.oshkursai.lt\/?page_id=195\"]}]},{\"@type\":\"BreadcrumbList\",\"@id\":\"https:\/\/test.oshkursai.lt\/?page_id=195#breadcrumb\",\"itemListElement\":[{\"@type\":\"ListItem\",\"position\":1,\"name\":\"Home\",\"item\":\"https:\/\/test.oshkursai.lt\/\"},{\"@type\":\"ListItem\",\"position\":2,\"name\":\"Slapuk\u0173 politika\"}]},{\"@type\":\"WebSite\",\"@id\":\"https:\/\/test.oshkursai.lt\/#website\",\"url\":\"https:\/\/test.oshkursai.lt\/\",\"name\":\"\",\"description\":\"\",\"potentialAction\":[{\"@type\":\"SearchAction\",\"target\":{\"@type\":\"EntryPoint\",\"urlTemplate\":\"https:\/\/test.oshkursai.lt\/?s={search_term_string}\"},\"query-input\":\"required name=search_term_string\"}],\"inLanguage\":\"en-US\"}]}<\/script>\n<!-- \/ Yoast SEO plugin. -->","yoast_head_json":{"title":"Slapuk\u0173 politika -","robots":{"index":"noindex","follow":"follow","max-snippet":"max-snippet:-1","max-image-preview":"max-image-preview:large","max-video-preview":"max-video-preview:-1"},"og_locale":"en_US","og_type":"article","og_title":"Slapuk\u0173 politika -","og_description":"Slapuk\u0173 politika UAB SDG\u00a0(toliau &#8211; \u012emon\u0117) r\u016bpinasi J\u016bs\u0173 duomen\u0173 saugumu. Esame \u012fsipareigoj\u0119 saugoti bei atsakingai tvarkyti J\u016bs\u0173 asmens duomenis. \u0160iame dokumente pateikiame informacij\u0105 apie tai, kaip tvarkome J\u016bs\u0173 asmens duomenis naudodami slapukus (angl. &#8211; Cookies). Asmens duomenys tvarkomi vadovaujantis Europos S\u0105jungos Bendruoju duomen\u0173 apsaugos reglamentu (ES) 2016\/679 (toliau &#8211; Reglamentas), Lietuvos Respublikos asmens duomen\u0173 teisin\u0117s&hellip;&nbsp;Read More &raquo;Slapuk\u0173 politika","og_url":"https:\/\/test.oshkursai.lt\/?page_id=195","article_modified_time":"2022-11-28T08:02:39+00:00","twitter_card":"summary_large_image","twitter_misc":{"Est. reading time":"2 minutes"},"schema":{"@context":"https:\/\/schema.org","@graph":[{"@type":"WebPage","@id":"https:\/\/test.oshkursai.lt\/?page_id=195","url":"https:\/\/test.oshkursai.lt\/?page_id=195","name":"Slapuk\u0173 politika -","isPartOf":{"@id":"https:\/\/test.oshkursai.lt\/#website"},"datePublished":"2020-02-19T14:11:53+00:00","dateModified":"2022-11-28T08:02:39+00:00","breadcrumb":{"@id":"https:\/\/test.oshkursai.lt\/?page_id=195#breadcrumb"},"inLanguage":"en-US","potentialAction":[{"@type":"ReadAction","target":["https:\/\/test.oshkursai.lt\/?page_id=195"]}]},{"@type":"BreadcrumbList","@id":"https:\/\/test.oshkursai.lt\/?page_id=195#breadcrumb","itemListElement":[{"@type":"ListItem","position":1,"name":"Home","item":"https:\/\/test.oshkursai.lt\/"},{"@type":"ListItem","position":2,"name":"Slapuk\u0173 politika"}]},{"@type":"WebSite","@id":"https:\/\/test.oshkursai.lt\/#website","url":"https:\/\/test.oshkursai.lt\/","name":"","description":"","potentialAction":[{"@type":"SearchAction","target":{"@type":"EntryPoint","urlTemplate":"https:\/\/test.oshkursai.lt\/?s={search_term_string}"},"query-input":"required name=search_term_string"}],"inLanguage":"en-US"}]}},"_links":{"self":[{"href":"https:\/\/test.oshkursai.lt\/index.php?rest_route=\/wp\/v2\/pages\/195"}],"collection":[{"href":"https:\/\/test.oshkursai.lt\/index.php?rest_route=\/wp\/v2\/pages"}],"about":[{"href":"https:\/\/test.oshkursai.lt\/index.php?rest_route=\/wp\/v2\/types\/page"}],"author":[{"embeddable":true,"href":"https:\/\/test.oshkursai.lt\/index.php?rest_route=\/wp\/v2\/users\/2"}],"replies":[{"embeddable":true,"href":"https:\/\/test.oshkursai.lt\/index.php?rest_route=%2Fwp%2Fv2%2Fcomments&post=195"}],"version-history":[{"count":4,"href":"https:\/\/test.oshkursai.lt\/index.php?rest_route=\/wp\/v2\/pages\/195\/revisions"}],"predecessor-version":[{"id":300,"href":"https:\/\/test.oshkursai.lt\/index.php?rest_route=\/wp\/v2\/pages\/195\/revisions\/300"}],"wp:attachment":[{"href":"https:\/\/test.oshkursai.lt\/index.php?rest_route=%2Fwp%2Fv2%2Fmedia&parent=195"}],"curies":[{"name":"wp","href":"https:\/\/api.w.org\/{rel}","templated":true}]}}