{"id":139,"date":"2020-02-17T09:21:08","date_gmt":"2020-02-17T09:21:08","guid":{"rendered":"https:\/\/demosites.io\/fitness-gb\/?page_id=139"},"modified":"2022-12-19T08:24:14","modified_gmt":"2022-12-19T08:24:14","slug":"a5213-the-gym","status":"publish","type":"page","link":"https:\/\/test.oshkursai.lt\/?page_id=139","title":{"rendered":"E-Mokymai"},"content":{"rendered":"\n\n\t<h1>E-mokymai<\/h1>\n\t<div class=\"forminator-ui forminator-custom-form forminator-custom-form-382 forminator-design--material  forminator_ajax\" data-forminator-render=\"0\" data-form=\"forminator-module-382\" data-uid=\"69f4d9e7f2241\"><br\/><\/div><form\n\t\t\t\tid=\"forminator-module-382\"\n\t\t\t\tclass=\"forminator-ui forminator-custom-form forminator-custom-form-382 forminator-design--material  forminator_ajax\"\n\t\t\t\tmethod=\"post\"\n\t\t\t\tdata-forminator-render=\"0\"\n\t\t\t\tdata-form-id=\"382\"\n\t\t\t\t\n\t\t\t\tdata-design=\"material\"\n\t\t\t\t\n\t\t\t\t\n\t\t\t\t\n\t\t\t\tdata-grid=\"open\"\n\t\t\t\t\n\t\t\t\t\n\t\t\t\tstyle=\"display: none;\"\n\t\t\t\t\n\t\t\t\tdata-uid=\"69f4d9e7f2241\"\n\t\t\t><div role=\"alert\" aria-live=\"polite\" class=\"forminator-response-message forminator-error\" aria-hidden=\"true\"><\/div><div class=\"forminator-row\"><div id=\"section-1\" class=\"forminator-field-section forminator-col forminator-col-12 \"><div class=\"forminator-field\"><h2 class=\"forminator-title\">Prisijungti<\/h2><\/div><\/div><\/div><div class=\"forminator-row\"><div id=\"text-1\" class=\"forminator-field-text forminator-col forminator-col-6 \"><div class=\"forminator-field\"><label for=\"forminator-field-text-1_69f4d9e7f2241\" id=\"forminator-field-text-1_69f4d9e7f2241-label\" class=\"forminator-label\">El. pa\u0161to adresas <span class=\"forminator-required\">*<\/span><\/label><input type=\"text\" name=\"text-1\" value=\"\" placeholder=\"Enter username or email address\" id=\"forminator-field-text-1_69f4d9e7f2241\" class=\"forminator-input forminator-name--field\" data-required=\"true\" \/><\/div><\/div><div id=\"password-1\" class=\"forminator-field-password forminator-col forminator-col-6 \"><div class=\"forminator-field\"><label for=\"forminator-field-password-1_69f4d9e7f2241\" id=\"forminator-field-password-1_69f4d9e7f2241-label\" class=\"forminator-label\">Slapta\u017eodis <span class=\"forminator-required\">*<\/span><\/label><input name=\"password-1\" value=\"\" placeholder=\"Enter your password\" id=\"forminator-field-password-1_69f4d9e7f2241\" class=\"forminator-input forminator-name--field\" data-required=\"true\" type=\"password\" aria-describedby=\"forminator-field-password-1_69f4d9e7f2241-description\" \/><\/div><div class=\"forminator-description forminator-description-password\" id=\"forminator-field-password-1_69f4d9e7f2241-description\"><p><a title=\"Lost Password\" href=\"https:\/\/test.oshkursai.lt\/wp-login.php?action=lostpassword&amp;redirect_to\" target=\"_blank\" rel=\"noopener\">Pamir\u0161ote slapta\u017eod\u012f?<\/a><\/p><\/div><\/div><\/div><div class=\"forminator-row\"><div id=\"checkbox-1\" class=\"forminator-field-checkbox forminator-col forminator-col-12  remember-me\"><div role=\"group\" class=\"forminator-field\" aria-labelledby=\"forminator-checkbox-group-69f4d9e7f2241-label\"><label id=\"forminator-field-checkbox-1-1-69f4d9e7f2241-label\" for=\"forminator-field-checkbox-1-1-69f4d9e7f2241\" class=\"forminator-checkbox\" title=\"Remember Me\"><input type=\"checkbox\" name=\"checkbox-1[]\" value=\"remember-me\" id=\"forminator-field-checkbox-1-1-69f4d9e7f2241\" aria-labelledby=\"forminator-field-checkbox-1-1-69f4d9e7f2241-label\" data-calculation=\"0\"   aria-describedby=\"forminator-field-checkbox-1-69f4d9e7f2241-description\"\/><span class=\"forminator-checkbox-box\" aria-hidden=\"true\"><\/span><span class=\"forminator-checkbox-label\">Remember Me<\/span><\/label><\/div><\/div><\/div><input type=\"hidden\" name=\"referer_url\" value=\"\" \/><div class=\"forminator-row forminator-row-last\"><div class=\"forminator-col\"><div class=\"forminator-field\"><button class=\"forminator-button forminator-button-submit\"><span>Prisijungti<\/span><span aria-hidden=\"true\"><\/span><\/button><\/div><\/div><\/div><input type=\"hidden\" id=\"forminator_nonce\" name=\"forminator_nonce\" value=\"bf8e98cf75\" \/><input type=\"hidden\" name=\"_wp_http_referer\" value=\"\/index.php?rest_route=%2Fwp%2Fv2%2Fpages%2F139\" \/><input type=\"hidden\" name=\"form_id\" value=\"382\"><input type=\"hidden\" name=\"page_id\" value=\"139\"><input type=\"hidden\" name=\"form_type\" value=\"login\"><input type=\"hidden\" name=\"current_url\" value=\"https:\/\/test.oshkursai.lt\/?page_id=139\"><input type=\"hidden\" name=\"render_id\" value=\"0\"><input type=\"hidden\" name=\"redirect_to\" value=\"https:\/\/test.oshkursai.lt\/wp-admin\/\"><input type=\"hidden\" name=\"action\" value=\"forminator_submit_form_custom-forms\"><\/form>\n\n","protected":false},"excerpt":{"rendered":"<p>E-mokymai<\/p>\n","protected":false},"author":2,"featured_media":0,"parent":0,"menu_order":0,"comment_status":"closed","ping_status":"closed","template":"page-templates\/template-pagebuilder-full-width.php","meta":{"neve_meta_sidebar":"full-width","neve_meta_container":"","neve_meta_enable_content_width":"on","neve_meta_content_width":100,"neve_meta_title_alignment":"","neve_meta_author_avatar":"","neve_post_elements_order":"","neve_meta_disable_header":"","neve_meta_disable_footer":"","neve_meta_disable_title":"","_ti_tpc_template_sync":false,"_ti_tpc_template_id":"nuo8eu4yyiretg78130a"},"yoast_head":"<!-- This site is optimized with the Yoast SEO plugin v20.2.1 - https:\/\/yoast.com\/wordpress\/plugins\/seo\/ -->\n<title>E-Mokymai -<\/title>\n<meta name=\"robots\" content=\"noindex, follow, max-snippet:-1, max-image-preview:large, max-video-preview:-1\" \/>\n<meta property=\"og:locale\" content=\"en_US\" \/>\n<meta property=\"og:type\" content=\"article\" \/>\n<meta property=\"og:title\" content=\"E-Mokymai -\" \/>\n<meta property=\"og:description\" content=\"E-mokymai\" \/>\n<meta property=\"og:url\" content=\"https:\/\/test.oshkursai.lt\/?page_id=139\" \/>\n<meta property=\"article:modified_time\" content=\"2022-12-19T08:24:14+00:00\" \/>\n<meta name=\"twitter:card\" content=\"summary_large_image\" \/>\n<script type=\"application\/ld+json\" class=\"yoast-schema-graph\">{\"@context\":\"https:\/\/schema.org\",\"@graph\":[{\"@type\":\"WebPage\",\"@id\":\"https:\/\/test.oshkursai.lt\/?page_id=139\",\"url\":\"https:\/\/test.oshkursai.lt\/?page_id=139\",\"name\":\"E-Mokymai -\",\"isPartOf\":{\"@id\":\"https:\/\/test.oshkursai.lt\/#website\"},\"datePublished\":\"2020-02-17T09:21:08+00:00\",\"dateModified\":\"2022-12-19T08:24:14+00:00\",\"breadcrumb\":{\"@id\":\"https:\/\/test.oshkursai.lt\/?page_id=139#breadcrumb\"},\"inLanguage\":\"en-US\",\"potentialAction\":[{\"@type\":\"ReadAction\",\"target\":[\"https:\/\/test.oshkursai.lt\/?page_id=139\"]}]},{\"@type\":\"BreadcrumbList\",\"@id\":\"https:\/\/test.oshkursai.lt\/?page_id=139#breadcrumb\",\"itemListElement\":[{\"@type\":\"ListItem\",\"position\":1,\"name\":\"Home\",\"item\":\"https:\/\/test.oshkursai.lt\/\"},{\"@type\":\"ListItem\",\"position\":2,\"name\":\"E-Mokymai\"}]},{\"@type\":\"WebSite\",\"@id\":\"https:\/\/test.oshkursai.lt\/#website\",\"url\":\"https:\/\/test.oshkursai.lt\/\",\"name\":\"\",\"description\":\"\",\"potentialAction\":[{\"@type\":\"SearchAction\",\"target\":{\"@type\":\"EntryPoint\",\"urlTemplate\":\"https:\/\/test.oshkursai.lt\/?s={search_term_string}\"},\"query-input\":\"required name=search_term_string\"}],\"inLanguage\":\"en-US\"}]}<\/script>\n<!-- \/ Yoast SEO plugin. -->","yoast_head_json":{"title":"E-Mokymai -","robots":{"index":"noindex","follow":"follow","max-snippet":"max-snippet:-1","max-image-preview":"max-image-preview:large","max-video-preview":"max-video-preview:-1"},"og_locale":"en_US","og_type":"article","og_title":"E-Mokymai -","og_description":"E-mokymai","og_url":"https:\/\/test.oshkursai.lt\/?page_id=139","article_modified_time":"2022-12-19T08:24:14+00:00","twitter_card":"summary_large_image","schema":{"@context":"https:\/\/schema.org","@graph":[{"@type":"WebPage","@id":"https:\/\/test.oshkursai.lt\/?page_id=139","url":"https:\/\/test.oshkursai.lt\/?page_id=139","name":"E-Mokymai -","isPartOf":{"@id":"https:\/\/test.oshkursai.lt\/#website"},"datePublished":"2020-02-17T09:21:08+00:00","dateModified":"2022-12-19T08:24:14+00:00","breadcrumb":{"@id":"https:\/\/test.oshkursai.lt\/?page_id=139#breadcrumb"},"inLanguage":"en-US","potentialAction":[{"@type":"ReadAction","target":["https:\/\/test.oshkursai.lt\/?page_id=139"]}]},{"@type":"BreadcrumbList","@id":"https:\/\/test.oshkursai.lt\/?page_id=139#breadcrumb","itemListElement":[{"@type":"ListItem","position":1,"name":"Home","item":"https:\/\/test.oshkursai.lt\/"},{"@type":"ListItem","position":2,"name":"E-Mokymai"}]},{"@type":"WebSite","@id":"https:\/\/test.oshkursai.lt\/#website","url":"https:\/\/test.oshkursai.lt\/","name":"","description":"","potentialAction":[{"@type":"SearchAction","target":{"@type":"EntryPoint","urlTemplate":"https:\/\/test.oshkursai.lt\/?s={search_term_string}"},"query-input":"required name=search_term_string"}],"inLanguage":"en-US"}]}},"_links":{"self":[{"href":"https:\/\/test.oshkursai.lt\/index.php?rest_route=\/wp\/v2\/pages\/139"}],"collection":[{"href":"https:\/\/test.oshkursai.lt\/index.php?rest_route=\/wp\/v2\/pages"}],"about":[{"href":"https:\/\/test.oshkursai.lt\/index.php?rest_route=\/wp\/v2\/types\/page"}],"author":[{"embeddable":true,"href":"https:\/\/test.oshkursai.lt\/index.php?rest_route=\/wp\/v2\/users\/2"}],"replies":[{"embeddable":true,"href":"https:\/\/test.oshkursai.lt\/index.php?rest_route=%2Fwp%2Fv2%2Fcomments&post=139"}],"version-history":[{"count":4,"href":"https:\/\/test.oshkursai.lt\/index.php?rest_route=\/wp\/v2\/pages\/139\/revisions"}],"predecessor-version":[{"id":383,"href":"https:\/\/test.oshkursai.lt\/index.php?rest_route=\/wp\/v2\/pages\/139\/revisions\/383"}],"wp:attachment":[{"href":"https:\/\/test.oshkursai.lt\/index.php?rest_route=%2Fwp%2Fv2%2Fmedia&parent=139"}],"curies":[{"name":"wp","href":"https:\/\/api.w.org\/{rel}","templated":true}]}}