{"id":129,"date":"2020-02-14T10:59:11","date_gmt":"2020-02-14T10:59:11","guid":{"rendered":"https:\/\/demosites.io\/fitness-gb\/?page_id=129"},"modified":"2023-02-21T10:26:45","modified_gmt":"2023-02-21T10:26:45","slug":"a5213-home","status":"publish","type":"page","link":"https:\/\/test.oshkursai.lt\/","title":{"rendered":"Pagrindinis"},"content":{"rendered":"\n<h2>\n\t\tOSH pass ir HOT WORK pass mokymai \n\t<\/h2>\n<h3>\n\t\t Planuojate dirbti u\u017esienyje?  \n\t<\/h3>\n\t<p>Registruokis \u012f privalomus darb\u0173 saugos <strong>OSH pass<\/strong> ir gaisrin\u0117s saugos <strong>HOT WORK pass<\/strong> mokymus.<\/p>\n\t\t\t<a href=\"https:\/\/test.oshkursai.lt\/?page_id=165\" target=\"_self\" role=\"button\" rel=\"noopener\">\n\t\t\t\t\t\t\tRegistruotis\n\t\t\t<\/a>\n<h2>\n\t\tApie mokymus\n\t<\/h2>\n\t<p>&nbsp;<\/p>\nNorint \u012fsidarbinti u\u017esienio \u0161alyse darbdavys gali J\u016bs\u0173 pareikalauti dokument\u0173 apie i\u0161klausytus darb\u0173 saugos ir\/ar gaisrin\u0117s saugos mokymus.\nM\u016bs\u0173 organizuojami OSH pass ir HOT WORK pass mokymai bei parengtos mokymo programos atitinka ES \u0161ali\u0173 keliamus reikalavimus darbuotoj\u0173 mokymams. Po mokym\u0173 ir i\u0161laikyto egzamino gaunate OSH pass ir \/ar\u00a0 HOT WORK pass diplom\u0105, kuris patvirtina, kad galite dirbti potencialiai sveikatai pavojingo pob\u016bd\u017eio darbus, tokius kaip statyba, gamyba, darbas sand\u0117liuose ir t.t.\n\t\t\t\t<img decoding=\"async\" loading=\"lazy\" src=\"https:\/\/test.oshkursai.lt\/wp-content\/uploads\/2022\/12\/instructor-explaining-occupational-safetyrules.png\" alt=\"instructor-explaining-occupational-safetyrules\" itemprop=\"image\" height=\"687\" width=\"903\" title=\"instructor-explaining-occupational-safetyrules\" onerror=\"this.style.display='none'\"  \/>\n\t<p><strong>OSH pass<\/strong> &#8211; darb\u0173 saugos mokymai.<\/p>\n<p><a href=\"https:\/\/test.oshkursai.lt\/?page_id=328\">Daugiau<\/a><\/p>\n\t\t\t\t<img decoding=\"async\" loading=\"lazy\" src=\"https:\/\/test.oshkursai.lt\/wp-content\/uploads\/2022\/12\/shaping-red-hot-metal.png\" alt=\"shaping-red-hot-metal\" itemprop=\"image\" height=\"462\" width=\"539\" title=\"shaping-red-hot-metal\" onerror=\"this.style.display='none'\"  \/>\n\t<p><strong>HOT WORK pass <\/strong>&#8211; gaisrin\u0117s saugos mokymai.<\/p>\n<p><a href=\"https:\/\/test.oshkursai.lt\/?page_id=339&amp;fl_builder\">Daugiau<\/a><\/p>\n\t\t\t\t<img decoding=\"async\" loading=\"lazy\" src=\"https:\/\/test.oshkursai.lt\/wp-content\/uploads\/2022\/12\/items-for-online-working-.png\" alt=\"items-for-online-working-\" itemprop=\"image\" height=\"453\" width=\"534\" title=\"items-for-online-working-\" onerror=\"this.style.display='none'\"  \/>\n\t<p><strong>E-mokymai<\/strong> &#8211; galite mokytis nuotoliniu b\u016bdu, jums patogiu metu.<\/p>\n<p><a href=\"https:\/\/test.oshkursai.lt\/?page_id=139&amp;fl_builder\">Daugiau<\/a><\/p>\n\t\t\t\t<img decoding=\"async\" loading=\"lazy\" src=\"https:\/\/test.oshkursai.lt\/wp-content\/uploads\/2022\/11\/sdg.jpg\" alt=\"UAB SDG\" itemprop=\"image\" height=\"533\" width=\"800\" title=\"sdg\" onerror=\"this.style.display='none'\"  \/>\n<h2>\n\t\tUAB SDG\n\t<\/h2>\n\t<p>\u201eS\u0117km\u0117 &#8211; tai pastang\u0173 i\u0161vestin\u0117! Padar\u0117me ma\u017eiau klaid\u0173 negu m\u016bs\u0173 konkurentai. Prad\u0117j\u0119 veikl\u0105 nuo 2 paslaug\u0173 \u0161iandien vykdome per 350. Pasitikime savo darbuotoj\u0173 kvalifikacija, i\u0161silavinimu, intelektiniais geb\u0117jimais ir k\u016brybi\u0161kumu, tod\u0117l patikime jiems kurti naujas paslaugas.&#8221;<\/p>\n<ul>\n<li><strong>Eduardas Jasas<\/strong><\/li>\n<li><strong>SDG \u012fmoni\u0173 grup\u0117s prezidentas<\/strong><\/li>\n<\/ul>\n\t\t\t<a href=\"https:\/\/test.oshkursai.lt\/?page_id=313\" target=\"_self\" role=\"button\" rel=\"noopener\">\n\t\t\t\t\t\t\tSkaityti daugiau\n\t\t\t<\/a>\n<h2>\n\t\tKiti mokymai\n\t<\/h2>\n\t\t\t\t<img decoding=\"async\" loading=\"lazy\" src=\"https:\/\/test.oshkursai.lt\/wp-content\/uploads\/2022\/12\/VCA-kursai.png\" alt=\"VCA kursai\" itemprop=\"image\" height=\"605\" width=\"611\" title=\"VCA kursai\" onerror=\"this.style.display='none'\"  \/>\n\t<p><strong>VCA kursai<\/strong><\/p>\n<p><a href=\"http:\/\/www.vcakursai.lt\">Daugiau<\/a><\/p>\n\t\t\t\t<img decoding=\"async\" loading=\"lazy\" src=\"https:\/\/test.oshkursai.lt\/wp-content\/uploads\/2022\/12\/Skandinaviski-mokymai.png\" alt=\"Skandinavi\u0161ki mokymai\" itemprop=\"image\" height=\"639\" width=\"618\" title=\"Skandinavi\u0161ki mokymai\" onerror=\"this.style.display='none'\"  \/>\n\t<p><b>Skandinavi\u0161ki mokymai<\/b><\/p>\n<p><a href=\"http:\/\/www.skandinaviskimokymai.lt\">Daugiau<\/a><\/p>\n\n","protected":false},"excerpt":{"rendered":"<p>OSH pass ir HOT WORK pass mokymai Planuojate dirbti u\u017esienyje? Registruokis \u012f privalomus darb\u0173 saugos OSH pass ir gaisrin\u0117s saugos HOT WORK pass mokymus. Registruotis Apie mokymus &nbsp; Norint \u012fsidarbinti u\u017esienio \u0161alyse darbdavys gali J\u016bs\u0173 pareikalauti dokument\u0173 apie i\u0161klausytus darb\u0173 saugos ir\/ar gaisrin\u0117s saugos mokymus. M\u016bs\u0173 organizuojami OSH pass ir HOT WORK pass mokymai bei&hellip;&nbsp;<a href=\"https:\/\/test.oshkursai.lt\/\" class=\"\" rel=\"bookmark\">Read More &raquo;<span class=\"screen-reader-text\">Pagrindinis<\/span><\/a><\/p>\n","protected":false},"author":2,"featured_media":0,"parent":0,"menu_order":0,"comment_status":"closed","ping_status":"closed","template":"page-templates\/template-pagebuilder-full-width.php","meta":{"neve_meta_sidebar":"full-width","neve_meta_container":"full-width","neve_meta_enable_content_width":"on","neve_meta_content_width":100,"neve_meta_title_alignment":"center","neve_meta_author_avatar":"","neve_post_elements_order":"","neve_meta_disable_header":"off","neve_meta_disable_footer":"","neve_meta_disable_title":"","_ti_tpc_template_sync":false,"_ti_tpc_template_id":"dlmh1p34r19x5r3i5v3f"},"yoast_head":"<!-- This site is optimized with the Yoast SEO plugin v20.2.1 - https:\/\/yoast.com\/wordpress\/plugins\/seo\/ -->\n<title>Pagrindinis -<\/title>\n<meta name=\"robots\" content=\"noindex, follow, max-snippet:-1, max-image-preview:large, max-video-preview:-1\" \/>\n<meta property=\"og:locale\" content=\"en_US\" \/>\n<meta property=\"og:type\" content=\"article\" \/>\n<meta property=\"og:title\" content=\"Pagrindinis -\" \/>\n<meta property=\"og:description\" content=\"OSH pass ir HOT WORK pass mokymai Planuojate dirbti u\u017esienyje? Registruokis \u012f privalomus darb\u0173 saugos OSH pass ir gaisrin\u0117s saugos HOT WORK pass mokymus. Registruotis Apie mokymus &nbsp; Norint \u012fsidarbinti u\u017esienio \u0161alyse darbdavys gali J\u016bs\u0173 pareikalauti dokument\u0173 apie i\u0161klausytus darb\u0173 saugos ir\/ar gaisrin\u0117s saugos mokymus. M\u016bs\u0173 organizuojami OSH pass ir HOT WORK pass mokymai bei&hellip;&nbsp;Read More &raquo;Pagrindinis\" \/>\n<meta property=\"og:url\" content=\"https:\/\/test.oshkursai.lt\/\" \/>\n<meta property=\"article:modified_time\" content=\"2023-02-21T10:26:45+00:00\" \/>\n<meta property=\"og:image\" content=\"https:\/\/test.oshkursai.lt\/wp-content\/uploads\/2022\/12\/instructor-explaining-occupational-safetyrules.png\" \/>\n<meta name=\"twitter:card\" content=\"summary_large_image\" \/>\n<meta name=\"twitter:label1\" content=\"Est. reading time\" \/>\n\t<meta name=\"twitter:data1\" content=\"2 minutes\" \/>\n<script type=\"application\/ld+json\" class=\"yoast-schema-graph\">{\"@context\":\"https:\/\/schema.org\",\"@graph\":[{\"@type\":\"WebPage\",\"@id\":\"https:\/\/test.oshkursai.lt\/\",\"url\":\"https:\/\/test.oshkursai.lt\/\",\"name\":\"Pagrindinis -\",\"isPartOf\":{\"@id\":\"https:\/\/test.oshkursai.lt\/#website\"},\"datePublished\":\"2020-02-14T10:59:11+00:00\",\"dateModified\":\"2023-02-21T10:26:45+00:00\",\"breadcrumb\":{\"@id\":\"https:\/\/test.oshkursai.lt\/#breadcrumb\"},\"inLanguage\":\"en-US\",\"potentialAction\":[{\"@type\":\"ReadAction\",\"target\":[\"https:\/\/test.oshkursai.lt\/\"]}]},{\"@type\":\"BreadcrumbList\",\"@id\":\"https:\/\/test.oshkursai.lt\/#breadcrumb\",\"itemListElement\":[{\"@type\":\"ListItem\",\"position\":1,\"name\":\"Home\",\"item\":\"https:\/\/test.oshkursai.lt\/\"},{\"@type\":\"ListItem\",\"position\":2,\"name\":\"Pagrindinis\"}]},{\"@type\":\"WebSite\",\"@id\":\"https:\/\/test.oshkursai.lt\/#website\",\"url\":\"https:\/\/test.oshkursai.lt\/\",\"name\":\"\",\"description\":\"\",\"potentialAction\":[{\"@type\":\"SearchAction\",\"target\":{\"@type\":\"EntryPoint\",\"urlTemplate\":\"https:\/\/test.oshkursai.lt\/?s={search_term_string}\"},\"query-input\":\"required name=search_term_string\"}],\"inLanguage\":\"en-US\"}]}<\/script>\n<!-- \/ Yoast SEO plugin. -->","yoast_head_json":{"title":"Pagrindinis -","robots":{"index":"noindex","follow":"follow","max-snippet":"max-snippet:-1","max-image-preview":"max-image-preview:large","max-video-preview":"max-video-preview:-1"},"og_locale":"en_US","og_type":"article","og_title":"Pagrindinis -","og_description":"OSH pass ir HOT WORK pass mokymai Planuojate dirbti u\u017esienyje? Registruokis \u012f privalomus darb\u0173 saugos OSH pass ir gaisrin\u0117s saugos HOT WORK pass mokymus. Registruotis Apie mokymus &nbsp; Norint \u012fsidarbinti u\u017esienio \u0161alyse darbdavys gali J\u016bs\u0173 pareikalauti dokument\u0173 apie i\u0161klausytus darb\u0173 saugos ir\/ar gaisrin\u0117s saugos mokymus. M\u016bs\u0173 organizuojami OSH pass ir HOT WORK pass mokymai bei&hellip;&nbsp;Read More &raquo;Pagrindinis","og_url":"https:\/\/test.oshkursai.lt\/","article_modified_time":"2023-02-21T10:26:45+00:00","og_image":[{"url":"https:\/\/test.oshkursai.lt\/wp-content\/uploads\/2022\/12\/instructor-explaining-occupational-safetyrules.png"}],"twitter_card":"summary_large_image","twitter_misc":{"Est. reading time":"2 minutes"},"schema":{"@context":"https:\/\/schema.org","@graph":[{"@type":"WebPage","@id":"https:\/\/test.oshkursai.lt\/","url":"https:\/\/test.oshkursai.lt\/","name":"Pagrindinis -","isPartOf":{"@id":"https:\/\/test.oshkursai.lt\/#website"},"datePublished":"2020-02-14T10:59:11+00:00","dateModified":"2023-02-21T10:26:45+00:00","breadcrumb":{"@id":"https:\/\/test.oshkursai.lt\/#breadcrumb"},"inLanguage":"en-US","potentialAction":[{"@type":"ReadAction","target":["https:\/\/test.oshkursai.lt\/"]}]},{"@type":"BreadcrumbList","@id":"https:\/\/test.oshkursai.lt\/#breadcrumb","itemListElement":[{"@type":"ListItem","position":1,"name":"Home","item":"https:\/\/test.oshkursai.lt\/"},{"@type":"ListItem","position":2,"name":"Pagrindinis"}]},{"@type":"WebSite","@id":"https:\/\/test.oshkursai.lt\/#website","url":"https:\/\/test.oshkursai.lt\/","name":"","description":"","potentialAction":[{"@type":"SearchAction","target":{"@type":"EntryPoint","urlTemplate":"https:\/\/test.oshkursai.lt\/?s={search_term_string}"},"query-input":"required name=search_term_string"}],"inLanguage":"en-US"}]}},"_links":{"self":[{"href":"https:\/\/test.oshkursai.lt\/index.php?rest_route=\/wp\/v2\/pages\/129"}],"collection":[{"href":"https:\/\/test.oshkursai.lt\/index.php?rest_route=\/wp\/v2\/pages"}],"about":[{"href":"https:\/\/test.oshkursai.lt\/index.php?rest_route=\/wp\/v2\/types\/page"}],"author":[{"embeddable":true,"href":"https:\/\/test.oshkursai.lt\/index.php?rest_route=\/wp\/v2\/users\/2"}],"replies":[{"embeddable":true,"href":"https:\/\/test.oshkursai.lt\/index.php?rest_route=%2Fwp%2Fv2%2Fcomments&post=129"}],"version-history":[{"count":26,"href":"https:\/\/test.oshkursai.lt\/index.php?rest_route=\/wp\/v2\/pages\/129\/revisions"}],"predecessor-version":[{"id":401,"href":"https:\/\/test.oshkursai.lt\/index.php?rest_route=\/wp\/v2\/pages\/129\/revisions\/401"}],"wp:attachment":[{"href":"https:\/\/test.oshkursai.lt\/index.php?rest_route=%2Fwp%2Fv2%2Fmedia&parent=129"}],"curies":[{"name":"wp","href":"https:\/\/api.w.org\/{rel}","templated":true}]}}