{"id":10,"date":"2022-11-23T17:11:19","date_gmt":"2022-11-23T17:11:19","guid":{"rendered":"https:\/\/test.oshkursai.lt\/?page_id=10"},"modified":"2023-02-21T09:58:59","modified_gmt":"2023-02-21T09:58:59","slug":"duk","status":"publish","type":"page","link":"https:\/\/test.oshkursai.lt\/?page_id=10","title":{"rendered":"DUK"},"content":{"rendered":"\n\n\t<h2>Da\u017eniausiai u\u017eduodami klausimai<\/h2>\n\t<h3>Kas yra OSH pass ir HOT WORK pass?<\/h3>\n\t<strong>OSH pass (darb\u0173 saugos)<\/strong> ir <strong>HOT WORK pass (gaisrin\u0117s saugos)<\/strong> &#8211; saugos ir sveikatos mokym\u0173 programos. \u0160iuos mokymus privaloma i\u0161klausyti norint dirbti potencialiai sveikatai pavojingo pob\u016bd\u017eio darbuose, tokiuose kaip statybos, gamyba, darbas sand\u0117liuose, etc. Norint \u012fsidarbinti Nyderlanduose, Vokietijoje, Austrijoje, \u0160veicarijoje, Skandinavijoje ir Belgijoje darbdavys gali J\u016bs\u0173 pareikalauti pateikti dokument\u0105, \u012frodant\u012f, kad baig\u0117te mokymus.\n<h3>\n\t\tKiek trunka mokymai?\n\t<\/h3>\n\tVisi fiziniai asmenys \u0161iuos kursus mokosi individualiai, t.y. J\u016bs tur\u0117site galimyb\u0119, Jums patogiu metu, prisijungti prie skaitmeninio mokym\u0173 turinio. Naudotis mokom\u0105ja med\u017eiaga gal\u0117site nuo registracijos prad\u017eios iki egzamino dienos.\nEsant poreikiui, m\u016bs\u0173 mokym\u0173 specialistas gali atvykti \u012f J\u016bs\u0173 \u012fmon\u0119 apmokyti darbuotojus. Mokym\u0173 konkre\u010dioje \u012fmon\u0117je trukm\u0117 1 d.\n<p>&nbsp;<\/p>\n\t\t\t\t<img decoding=\"async\" loading=\"lazy\" src=\"https:\/\/test.oshkursai.lt\/wp-content\/uploads\/2022\/11\/hard-and-dangerous-job-2022-11-02-15-58-48-utc.jpg\" alt=\"hard-and-dangerous-job-2022-11-02-15-58-48-utc\" itemprop=\"image\" height=\"454\" width=\"605\" title=\"hard-and-dangerous-job-2022-11-02-15-58-48-utc\" onerror=\"this.style.display='none'\"  \/>\n\t<h3>Kaip galiu gauti OSH pass\/ HOT WORK pass diplom\u0105?<\/h3>\n\tDiplomas i\u0161duodamas\u00a0 pabaigus OSH pass ar HOT WORK pass kursus ir i\u0161laikius egzamin\u0105.\nPatvirtinus J\u016bs\u0173 registracij\u0105 atsi\u0173sime prisijungimo duomenis, kad gal\u0117tum\u0117te naudotis mokom\u0105ja med\u017eiaga.\n\t\t\t<a href=\"https:\/\/test.oshkursai.lt\/?page_id=165\" target=\"_self\" role=\"button\" rel=\"noopener\">\n\t\t\t\t\t\t\tRegistruotis \n\t\t\t\t\t<\/a>\n\n","protected":false},"excerpt":{"rendered":"<p>Da\u017eniausiai u\u017eduodami klausimai Kas yra OSH pass ir HOT WORK pass? OSH pass (darb\u0173 saugos) ir HOT WORK pass (gaisrin\u0117s saugos) &#8211; saugos ir sveikatos mokym\u0173 programos. \u0160iuos mokymus privaloma i\u0161klausyti norint dirbti potencialiai sveikatai pavojingo pob\u016bd\u017eio darbuose, tokiuose kaip statybos, gamyba, darbas sand\u0117liuose, etc. Norint \u012fsidarbinti Nyderlanduose, Vokietijoje, Austrijoje, \u0160veicarijoje, Skandinavijoje ir Belgijoje darbdavys&hellip;&nbsp;<a href=\"https:\/\/test.oshkursai.lt\/?page_id=10\" class=\"\" rel=\"bookmark\">Read More &raquo;<span class=\"screen-reader-text\">DUK<\/span><\/a><\/p>\n","protected":false},"author":2,"featured_media":0,"parent":0,"menu_order":0,"comment_status":"closed","ping_status":"closed","template":"page-templates\/template-pagebuilder-full-width.php","meta":{"neve_meta_sidebar":"","neve_meta_container":"","neve_meta_enable_content_width":"","neve_meta_content_width":0,"neve_meta_title_alignment":"","neve_meta_author_avatar":"","neve_post_elements_order":"","neve_meta_disable_header":"","neve_meta_disable_footer":"","neve_meta_disable_title":"","_ti_tpc_template_sync":false,"_ti_tpc_template_id":""},"yoast_head":"<!-- This site is optimized with the Yoast SEO plugin v20.2.1 - https:\/\/yoast.com\/wordpress\/plugins\/seo\/ -->\n<title>DUK -<\/title>\n<meta name=\"robots\" content=\"noindex, follow, max-snippet:-1, max-image-preview:large, max-video-preview:-1\" \/>\n<meta property=\"og:locale\" content=\"en_US\" \/>\n<meta property=\"og:type\" content=\"article\" \/>\n<meta property=\"og:title\" content=\"DUK -\" \/>\n<meta property=\"og:description\" content=\"Da\u017eniausiai u\u017eduodami klausimai Kas yra OSH pass ir HOT WORK pass? OSH pass (darb\u0173 saugos) ir HOT WORK pass (gaisrin\u0117s saugos) &#8211; saugos ir sveikatos mokym\u0173 programos. \u0160iuos mokymus privaloma i\u0161klausyti norint dirbti potencialiai sveikatai pavojingo pob\u016bd\u017eio darbuose, tokiuose kaip statybos, gamyba, darbas sand\u0117liuose, etc. Norint \u012fsidarbinti Nyderlanduose, Vokietijoje, Austrijoje, \u0160veicarijoje, Skandinavijoje ir Belgijoje darbdavys&hellip;&nbsp;Read More &raquo;DUK\" \/>\n<meta property=\"og:url\" content=\"https:\/\/test.oshkursai.lt\/?page_id=10\" \/>\n<meta property=\"article:modified_time\" content=\"2023-02-21T09:58:59+00:00\" \/>\n<meta property=\"og:image\" content=\"https:\/\/test.oshkursai.lt\/wp-content\/uploads\/2022\/11\/hard-and-dangerous-job-2022-11-02-15-58-48-utc.jpg\" \/>\n<meta name=\"twitter:card\" content=\"summary_large_image\" \/>\n<script type=\"application\/ld+json\" class=\"yoast-schema-graph\">{\"@context\":\"https:\/\/schema.org\",\"@graph\":[{\"@type\":\"WebPage\",\"@id\":\"https:\/\/test.oshkursai.lt\/?page_id=10\",\"url\":\"https:\/\/test.oshkursai.lt\/?page_id=10\",\"name\":\"DUK -\",\"isPartOf\":{\"@id\":\"https:\/\/test.oshkursai.lt\/#website\"},\"datePublished\":\"2022-11-23T17:11:19+00:00\",\"dateModified\":\"2023-02-21T09:58:59+00:00\",\"breadcrumb\":{\"@id\":\"https:\/\/test.oshkursai.lt\/?page_id=10#breadcrumb\"},\"inLanguage\":\"en-US\",\"potentialAction\":[{\"@type\":\"ReadAction\",\"target\":[\"https:\/\/test.oshkursai.lt\/?page_id=10\"]}]},{\"@type\":\"BreadcrumbList\",\"@id\":\"https:\/\/test.oshkursai.lt\/?page_id=10#breadcrumb\",\"itemListElement\":[{\"@type\":\"ListItem\",\"position\":1,\"name\":\"Home\",\"item\":\"https:\/\/test.oshkursai.lt\/\"},{\"@type\":\"ListItem\",\"position\":2,\"name\":\"DUK\"}]},{\"@type\":\"WebSite\",\"@id\":\"https:\/\/test.oshkursai.lt\/#website\",\"url\":\"https:\/\/test.oshkursai.lt\/\",\"name\":\"\",\"description\":\"\",\"potentialAction\":[{\"@type\":\"SearchAction\",\"target\":{\"@type\":\"EntryPoint\",\"urlTemplate\":\"https:\/\/test.oshkursai.lt\/?s={search_term_string}\"},\"query-input\":\"required name=search_term_string\"}],\"inLanguage\":\"en-US\"}]}<\/script>\n<!-- \/ Yoast SEO plugin. -->","yoast_head_json":{"title":"DUK -","robots":{"index":"noindex","follow":"follow","max-snippet":"max-snippet:-1","max-image-preview":"max-image-preview:large","max-video-preview":"max-video-preview:-1"},"og_locale":"en_US","og_type":"article","og_title":"DUK -","og_description":"Da\u017eniausiai u\u017eduodami klausimai Kas yra OSH pass ir HOT WORK pass? OSH pass (darb\u0173 saugos) ir HOT WORK pass (gaisrin\u0117s saugos) &#8211; saugos ir sveikatos mokym\u0173 programos. \u0160iuos mokymus privaloma i\u0161klausyti norint dirbti potencialiai sveikatai pavojingo pob\u016bd\u017eio darbuose, tokiuose kaip statybos, gamyba, darbas sand\u0117liuose, etc. Norint \u012fsidarbinti Nyderlanduose, Vokietijoje, Austrijoje, \u0160veicarijoje, Skandinavijoje ir Belgijoje darbdavys&hellip;&nbsp;Read More &raquo;DUK","og_url":"https:\/\/test.oshkursai.lt\/?page_id=10","article_modified_time":"2023-02-21T09:58:59+00:00","og_image":[{"url":"https:\/\/test.oshkursai.lt\/wp-content\/uploads\/2022\/11\/hard-and-dangerous-job-2022-11-02-15-58-48-utc.jpg"}],"twitter_card":"summary_large_image","schema":{"@context":"https:\/\/schema.org","@graph":[{"@type":"WebPage","@id":"https:\/\/test.oshkursai.lt\/?page_id=10","url":"https:\/\/test.oshkursai.lt\/?page_id=10","name":"DUK -","isPartOf":{"@id":"https:\/\/test.oshkursai.lt\/#website"},"datePublished":"2022-11-23T17:11:19+00:00","dateModified":"2023-02-21T09:58:59+00:00","breadcrumb":{"@id":"https:\/\/test.oshkursai.lt\/?page_id=10#breadcrumb"},"inLanguage":"en-US","potentialAction":[{"@type":"ReadAction","target":["https:\/\/test.oshkursai.lt\/?page_id=10"]}]},{"@type":"BreadcrumbList","@id":"https:\/\/test.oshkursai.lt\/?page_id=10#breadcrumb","itemListElement":[{"@type":"ListItem","position":1,"name":"Home","item":"https:\/\/test.oshkursai.lt\/"},{"@type":"ListItem","position":2,"name":"DUK"}]},{"@type":"WebSite","@id":"https:\/\/test.oshkursai.lt\/#website","url":"https:\/\/test.oshkursai.lt\/","name":"","description":"","potentialAction":[{"@type":"SearchAction","target":{"@type":"EntryPoint","urlTemplate":"https:\/\/test.oshkursai.lt\/?s={search_term_string}"},"query-input":"required name=search_term_string"}],"inLanguage":"en-US"}]}},"_links":{"self":[{"href":"https:\/\/test.oshkursai.lt\/index.php?rest_route=\/wp\/v2\/pages\/10"}],"collection":[{"href":"https:\/\/test.oshkursai.lt\/index.php?rest_route=\/wp\/v2\/pages"}],"about":[{"href":"https:\/\/test.oshkursai.lt\/index.php?rest_route=\/wp\/v2\/types\/page"}],"author":[{"embeddable":true,"href":"https:\/\/test.oshkursai.lt\/index.php?rest_route=\/wp\/v2\/users\/2"}],"replies":[{"embeddable":true,"href":"https:\/\/test.oshkursai.lt\/index.php?rest_route=%2Fwp%2Fv2%2Fcomments&post=10"}],"version-history":[{"count":6,"href":"https:\/\/test.oshkursai.lt\/index.php?rest_route=\/wp\/v2\/pages\/10\/revisions"}],"predecessor-version":[{"id":400,"href":"https:\/\/test.oshkursai.lt\/index.php?rest_route=\/wp\/v2\/pages\/10\/revisions\/400"}],"wp:attachment":[{"href":"https:\/\/test.oshkursai.lt\/index.php?rest_route=%2Fwp%2Fv2%2Fmedia&parent=10"}],"curies":[{"name":"wp","href":"https:\/\/api.w.org\/{rel}","templated":true}]}}